{"id":213455,"date":"2018-04-18T12:29:23","date_gmt":"2018-04-18T10:29:23","guid":{"rendered":"http:\/\/deportes.pepemontoro.es\/?page_id=213455"},"modified":"2018-09-27T08:31:46","modified_gmt":"2018-09-27T06:31:46","slug":"escuelas-de-patinaje","status":"publish","type":"page","link":"https:\/\/alhaurinelgrande.es\/deportes\/escuelas\/escuelas-de-patinaje\/","title":{"rendered":"Escuelas de Patinaje"},"content":{"rendered":"<p>[et_pb_section fb_built=\u00bb1&#8243; background_color=\u00bb#66bef0&#8243; admin_label=\u00bbHero Section\u00bb _builder_version=\u00bb3.0.106&#8243; background_image=\u00bbhttp:\/\/deportes.pepemontoro.es\/wp-content\/uploads\/2018\/04\/pabellon-polideportivo_alh.jpg\u00bb background_blend=\u00bboverlay\u00bb custom_padding=\u00bb110px|0px|110px|0px\u00bb][et_pb_row _builder_version=\u00bb3.0.106&#8243;][et_pb_column type=\u00bb4_4&#8243; _builder_version=\u00bb3.0.47&#8243; parallax=\u00bboff\u00bb parallax_method=\u00bbon\u00bb][et_pb_divider height=\u00bb40px\u00bb _builder_version=\u00bb3.0.106&#8243;][\/et_pb_divider][et_pb_text _builder_version=\u00bb3.0.106&#8243; header_font=\u00bb||||||||\u00bb header_2_font=\u00bb|700||on|||||\u00bb header_2_text_align=\u00bbcenter\u00bb header_2_font_size=\u00bb70px\u00bb header_2_font_size_phone=\u00bb41px\u00bb header_2_font_size_last_edited=\u00bbon|phone\u00bb header_2_text_color=\u00bb#ffffff\u00bb]<\/p>\n<h2>Escuela de patinaje<\/h2>\n<p>[\/et_pb_text][\/et_pb_column][\/et_pb_row][et_pb_row custom_padding=\u00bb|||\u00bb custom_margin=\u00bb|||\u00bb _builder_version=\u00bb3.0.93&#8243; locked=\u00bboff\u00bb][et_pb_column type=\u00bb1_2&#8243; _builder_version=\u00bb3.0.47&#8243; parallax=\u00bboff\u00bb parallax_method=\u00bbon\u00bb][\/et_pb_column][et_pb_column type=\u00bb1_2&#8243; _builder_version=\u00bb3.0.47&#8243; parallax=\u00bboff\u00bb parallax_method=\u00bbon\u00bb][\/et_pb_column][\/et_pb_row][\/et_pb_section][et_pb_section fb_built=\u00bb1&#8243; _builder_version=\u00bb3.0.105&#8243; custom_padding=\u00bb0px|0px|0px|0px\u00bb][et_pb_row use_custom_width=\u00bbon\u00bb custom_width_px=\u00bb1289px\u00bb use_custom_gutter=\u00bbon\u00bb gutter_width=\u00bb1&#8243; custom_margin=\u00bb|||\u00bb make_equal=\u00bbon\u00bb _builder_version=\u00bb3.0.106&#8243; background_size=\u00bbinitial\u00bb background_position=\u00bbtop_left\u00bb background_repeat=\u00bbrepeat\u00bb][et_pb_column type=\u00bb1_2&#8243; _builder_version=\u00bb3.0.47&#8243; parallax=\u00bboff\u00bb parallax_method=\u00bbon\u00bb][et_pb_image src=\u00bbhttp:\/\/deportes.pepemontoro.es\/wp-content\/uploads\/2018\/04\/escuela-patinaje-1.jpg\u00bb align=\u00bbcenter\u00bb _builder_version=\u00bb3.0.106&#8243; box_shadow_style=\u00bbpreset2&#8243; box_shadow_color=\u00bbrgba(12,113,195,0.3)\u00bb][\/et_pb_image][\/et_pb_column][et_pb_column type=\u00bb1_2&#8243; _builder_version=\u00bb3.0.47&#8243; parallax=\u00bboff\u00bb parallax_method=\u00bbon\u00bb][et_pb_blurb title=\u00bbEscuela de patinaje\u00bb use_icon=\u00bbon\u00bb font_icon=\u00bb%%299%%\u00bb icon_color=\u00bb#ffffff\u00bb use_circle=\u00bbon\u00bb circle_color=\u00bb#4866ff\u00bb icon_placement=\u00bbleft\u00bb use_icon_font_size=\u00bbon\u00bb icon_font_size=\u00bb26px\u00bb _builder_version=\u00bb3.0.106&#8243; header_font=\u00bbMontserrat|500|||||||\u00bb header_text_align=\u00bbleft\u00bb header_text_color=\u00bb#4866ff\u00bb header_line_height=\u00bb1.8em\u00bb body_font=\u00bbMontserrat|500|||||||\u00bb body_text_align=\u00bbcenter\u00bb body_line_height=\u00bb1.8em\u00bb background_color=\u00bb#ffffff\u00bb border_radii=\u00bbon|10px|10px|10px|10px\u00bb custom_margin=\u00bb|||\u00bb custom_margin_tablet=\u00bb0px|||\u00bb custom_margin_last_edited=\u00bbon|desktop\u00bb custom_padding=\u00bb40px|40px|40px|40px\u00bb animation_style=\u00bbslide\u00bb animation_direction=\u00bbbottom\u00bb animation_delay=\u00bb200ms\u00bb animation_intensity_slide=\u00bb10%\u00bb box_shadow_style=\u00bbpreset2&#8243; box_shadow_color=\u00bbrgba(12,113,195,0.1)\u00bb]<\/p>\n<div data-packed=\"true\" class=\"txtNew\" id=\"WRchTxt18\">\n<p class=\"font_8\" style=\"text-align: left;\">Lugar: Polideportivo Municipal (Las clases se imparten de lunes a jueves en el Pabell\u00f3n Nuevo y los viernes en la pista exterior)<\/p>\n<p class=\"font_8\" style=\"text-align: left;\">TLF: 952 49 12 16<\/p>\n<p class=\"font_8\" style=\"text-align: left;\">Horarios:<\/p>\n<ul class=\"font_8\" style=\"text-align: left;\">\n<li>\n<p class=\"font_8\">Iniciaci\u00f3n:Martes y Jueves de 16:30 &#8211; 18:00.<\/p>\n<\/li>\n<li>\n<p class=\"font_8\">Perfeccionamiento:Martes y Jueves 18:00 &#8211; 19:30<\/p>\n<\/li>\n<\/ul>\n<p class=\"font_8\" style=\"text-align: left;\">Tasas: 30\u20ac el Trimestre<\/p>\n<p class=\"font_8\" style=\"text-align: left;\">Duraci\u00f3n: Octubre-Junio<\/p>\n<p class=\"font_8\" style=\"text-align: left;\">Edades: 4-18 a\u00f1os<\/p>\n<\/div>\n<div data-packed=\"true\" class=\"txtNew\" id=\"WRchTxt1b\"><\/div>\n<p>[\/et_pb_blurb][\/et_pb_column][\/et_pb_row][\/et_pb_section]<\/p>\n","protected":false},"excerpt":{"rendered":"<p>Escuela de patinaje Lugar: Polideportivo Municipal (Las clases se imparten de lunes a jueves en el Pabell\u00f3n Nuevo y los viernes en la pista exterior) TLF: 952 49 12 16 Horarios: Iniciaci\u00f3n:Martes y Jueves de 16:30 &#8211; 18:00. Perfeccionamiento:Martes y Jueves 18:00 &#8211; 19:30 Tasas: 30\u20ac el Trimestre Duraci\u00f3n: Octubre-Junio Edades: 4-18 a\u00f1os<\/p>\n","protected":false},"author":1,"featured_media":0,"parent":213150,"menu_order":0,"comment_status":"closed","ping_status":"closed","template":"","meta":{"_et_pb_use_builder":"on","_et_pb_old_content":"","_et_gb_content_width":"","footnotes":""},"class_list":["post-213455","page","type-page","status-publish","hentry"],"yoast_head":"<!-- This site is optimized with the Yoast SEO plugin v23.9 - https:\/\/yoast.com\/wordpress\/plugins\/seo\/ -->\n<title>Escuelas de Patinaje | Deportes Alhaur\u00edn<\/title>\n<meta name=\"robots\" content=\"index, follow, max-snippet:-1, max-image-preview:large, max-video-preview:-1\" \/>\n<link rel=\"canonical\" href=\"https:\/\/alhaurinelgrande.es\/deportes\/escuelas\/escuelas-de-patinaje\/\" \/>\n<meta property=\"og:locale\" content=\"es_ES\" \/>\n<meta property=\"og:type\" content=\"article\" \/>\n<meta property=\"og:title\" content=\"Escuelas de Patinaje | Deportes Alhaur\u00edn\" \/>\n<meta property=\"og:description\" content=\"Escuela de patinaje Lugar: Polideportivo Municipal (Las clases se imparten de lunes a jueves en el Pabell\u00f3n Nuevo y los viernes en la pista exterior) TLF: 952 49 12 16 Horarios: Iniciaci\u00f3n:Martes y Jueves de 16:30 - 18:00. Perfeccionamiento:Martes y Jueves 18:00 - 19:30 Tasas: 30\u20ac el Trimestre Duraci\u00f3n: Octubre-Junio Edades: 4-18 a\u00f1os\" \/>\n<meta property=\"og:url\" content=\"https:\/\/alhaurinelgrande.es\/deportes\/escuelas\/escuelas-de-patinaje\/\" \/>\n<meta property=\"og:site_name\" content=\"Deportes Alhaur\u00edn\" \/>\n<meta property=\"article:publisher\" content=\"https:\/\/www.facebook.com\/AytoAlhaurin\" \/>\n<meta property=\"article:modified_time\" content=\"2018-09-27T06:31:46+00:00\" \/>\n<meta name=\"twitter:card\" content=\"summary_large_image\" \/>\n<meta name=\"twitter:label1\" content=\"Tiempo de lectura\" \/>\n\t<meta name=\"twitter:data1\" content=\"2 minutos\" \/>\n<script type=\"application\/ld+json\" class=\"yoast-schema-graph\">{\"@context\":\"https:\/\/schema.org\",\"@graph\":[{\"@type\":\"WebPage\",\"@id\":\"https:\/\/alhaurinelgrande.es\/deportes\/escuelas\/escuelas-de-patinaje\/\",\"url\":\"https:\/\/alhaurinelgrande.es\/deportes\/escuelas\/escuelas-de-patinaje\/\",\"name\":\"Escuelas de Patinaje | Deportes Alhaur\u00edn\",\"isPartOf\":{\"@id\":\"https:\/\/alhaurinelgrande.es\/deportes\/#website\"},\"datePublished\":\"2018-04-18T10:29:23+00:00\",\"dateModified\":\"2018-09-27T06:31:46+00:00\",\"breadcrumb\":{\"@id\":\"https:\/\/alhaurinelgrande.es\/deportes\/escuelas\/escuelas-de-patinaje\/#breadcrumb\"},\"inLanguage\":\"es\",\"potentialAction\":[{\"@type\":\"ReadAction\",\"target\":[\"https:\/\/alhaurinelgrande.es\/deportes\/escuelas\/escuelas-de-patinaje\/\"]}]},{\"@type\":\"BreadcrumbList\",\"@id\":\"https:\/\/alhaurinelgrande.es\/deportes\/escuelas\/escuelas-de-patinaje\/#breadcrumb\",\"itemListElement\":[{\"@type\":\"ListItem\",\"position\":1,\"name\":\"Portada\",\"item\":\"https:\/\/alhaurinelgrande.es\/deportes\/\"},{\"@type\":\"ListItem\",\"position\":2,\"name\":\"Escuelas\",\"item\":\"https:\/\/alhaurinelgrande.es\/deportes\/escuelas\/\"},{\"@type\":\"ListItem\",\"position\":3,\"name\":\"Escuelas de Patinaje\"}]},{\"@type\":\"WebSite\",\"@id\":\"https:\/\/alhaurinelgrande.es\/deportes\/#website\",\"url\":\"https:\/\/alhaurinelgrande.es\/deportes\/\",\"name\":\"Deportes Alhaur\u00edn\",\"description\":\"Concejal\u00eda Deportes Alhaur\u00edn el Grande\",\"publisher\":{\"@id\":\"https:\/\/alhaurinelgrande.es\/deportes\/#organization\"},\"potentialAction\":[{\"@type\":\"SearchAction\",\"target\":{\"@type\":\"EntryPoint\",\"urlTemplate\":\"https:\/\/alhaurinelgrande.es\/deportes\/?s={search_term_string}\"},\"query-input\":{\"@type\":\"PropertyValueSpecification\",\"valueRequired\":true,\"valueName\":\"search_term_string\"}}],\"inLanguage\":\"es\"},{\"@type\":\"Organization\",\"@id\":\"https:\/\/alhaurinelgrande.es\/deportes\/#organization\",\"name\":\"Ayuntamiento de Alhaur\u00edn el Grande - \u00c1rea de Deportes\",\"url\":\"https:\/\/alhaurinelgrande.es\/deportes\/\",\"logo\":{\"@type\":\"ImageObject\",\"inLanguage\":\"es\",\"@id\":\"https:\/\/alhaurinelgrande.es\/deportes\/#\/schema\/logo\/image\/\",\"url\":\"https:\/\/alhaurinelgrande.es\/deportes\/wp-content\/uploads\/2018\/06\/LOGOAYTODEPORTES.png\",\"contentUrl\":\"https:\/\/alhaurinelgrande.es\/deportes\/wp-content\/uploads\/2018\/06\/LOGOAYTODEPORTES.png\",\"width\":768,\"height\":256,\"caption\":\"Ayuntamiento de Alhaur\u00edn el Grande - \u00c1rea de Deportes\"},\"image\":{\"@id\":\"https:\/\/alhaurinelgrande.es\/deportes\/#\/schema\/logo\/image\/\"},\"sameAs\":[\"https:\/\/www.facebook.com\/AytoAlhaurin\"]}]}<\/script>\n<!-- \/ Yoast SEO plugin. -->","yoast_head_json":{"title":"Escuelas de Patinaje | Deportes Alhaur\u00edn","robots":{"index":"index","follow":"follow","max-snippet":"max-snippet:-1","max-image-preview":"max-image-preview:large","max-video-preview":"max-video-preview:-1"},"canonical":"https:\/\/alhaurinelgrande.es\/deportes\/escuelas\/escuelas-de-patinaje\/","og_locale":"es_ES","og_type":"article","og_title":"Escuelas de Patinaje | Deportes Alhaur\u00edn","og_description":"Escuela de patinaje Lugar: Polideportivo Municipal (Las clases se imparten de lunes a jueves en el Pabell\u00f3n Nuevo y los viernes en la pista exterior) TLF: 952 49 12 16 Horarios: Iniciaci\u00f3n:Martes y Jueves de 16:30 - 18:00. Perfeccionamiento:Martes y Jueves 18:00 - 19:30 Tasas: 30\u20ac el Trimestre Duraci\u00f3n: Octubre-Junio Edades: 4-18 a\u00f1os","og_url":"https:\/\/alhaurinelgrande.es\/deportes\/escuelas\/escuelas-de-patinaje\/","og_site_name":"Deportes Alhaur\u00edn","article_publisher":"https:\/\/www.facebook.com\/AytoAlhaurin","article_modified_time":"2018-09-27T06:31:46+00:00","twitter_card":"summary_large_image","twitter_misc":{"Tiempo de lectura":"2 minutos"},"schema":{"@context":"https:\/\/schema.org","@graph":[{"@type":"WebPage","@id":"https:\/\/alhaurinelgrande.es\/deportes\/escuelas\/escuelas-de-patinaje\/","url":"https:\/\/alhaurinelgrande.es\/deportes\/escuelas\/escuelas-de-patinaje\/","name":"Escuelas de Patinaje | Deportes Alhaur\u00edn","isPartOf":{"@id":"https:\/\/alhaurinelgrande.es\/deportes\/#website"},"datePublished":"2018-04-18T10:29:23+00:00","dateModified":"2018-09-27T06:31:46+00:00","breadcrumb":{"@id":"https:\/\/alhaurinelgrande.es\/deportes\/escuelas\/escuelas-de-patinaje\/#breadcrumb"},"inLanguage":"es","potentialAction":[{"@type":"ReadAction","target":["https:\/\/alhaurinelgrande.es\/deportes\/escuelas\/escuelas-de-patinaje\/"]}]},{"@type":"BreadcrumbList","@id":"https:\/\/alhaurinelgrande.es\/deportes\/escuelas\/escuelas-de-patinaje\/#breadcrumb","itemListElement":[{"@type":"ListItem","position":1,"name":"Portada","item":"https:\/\/alhaurinelgrande.es\/deportes\/"},{"@type":"ListItem","position":2,"name":"Escuelas","item":"https:\/\/alhaurinelgrande.es\/deportes\/escuelas\/"},{"@type":"ListItem","position":3,"name":"Escuelas de Patinaje"}]},{"@type":"WebSite","@id":"https:\/\/alhaurinelgrande.es\/deportes\/#website","url":"https:\/\/alhaurinelgrande.es\/deportes\/","name":"Deportes Alhaur\u00edn","description":"Concejal\u00eda Deportes Alhaur\u00edn el Grande","publisher":{"@id":"https:\/\/alhaurinelgrande.es\/deportes\/#organization"},"potentialAction":[{"@type":"SearchAction","target":{"@type":"EntryPoint","urlTemplate":"https:\/\/alhaurinelgrande.es\/deportes\/?s={search_term_string}"},"query-input":{"@type":"PropertyValueSpecification","valueRequired":true,"valueName":"search_term_string"}}],"inLanguage":"es"},{"@type":"Organization","@id":"https:\/\/alhaurinelgrande.es\/deportes\/#organization","name":"Ayuntamiento de Alhaur\u00edn el Grande - \u00c1rea de Deportes","url":"https:\/\/alhaurinelgrande.es\/deportes\/","logo":{"@type":"ImageObject","inLanguage":"es","@id":"https:\/\/alhaurinelgrande.es\/deportes\/#\/schema\/logo\/image\/","url":"https:\/\/alhaurinelgrande.es\/deportes\/wp-content\/uploads\/2018\/06\/LOGOAYTODEPORTES.png","contentUrl":"https:\/\/alhaurinelgrande.es\/deportes\/wp-content\/uploads\/2018\/06\/LOGOAYTODEPORTES.png","width":768,"height":256,"caption":"Ayuntamiento de Alhaur\u00edn el Grande - \u00c1rea de Deportes"},"image":{"@id":"https:\/\/alhaurinelgrande.es\/deportes\/#\/schema\/logo\/image\/"},"sameAs":["https:\/\/www.facebook.com\/AytoAlhaurin"]}]}},"_links":{"self":[{"href":"https:\/\/alhaurinelgrande.es\/deportes\/wp-json\/wp\/v2\/pages\/213455","targetHints":{"allow":["GET"]}}],"collection":[{"href":"https:\/\/alhaurinelgrande.es\/deportes\/wp-json\/wp\/v2\/pages"}],"about":[{"href":"https:\/\/alhaurinelgrande.es\/deportes\/wp-json\/wp\/v2\/types\/page"}],"author":[{"embeddable":true,"href":"https:\/\/alhaurinelgrande.es\/deportes\/wp-json\/wp\/v2\/users\/1"}],"replies":[{"embeddable":true,"href":"https:\/\/alhaurinelgrande.es\/deportes\/wp-json\/wp\/v2\/comments?post=213455"}],"version-history":[{"count":2,"href":"https:\/\/alhaurinelgrande.es\/deportes\/wp-json\/wp\/v2\/pages\/213455\/revisions"}],"predecessor-version":[{"id":213459,"href":"https:\/\/alhaurinelgrande.es\/deportes\/wp-json\/wp\/v2\/pages\/213455\/revisions\/213459"}],"up":[{"embeddable":true,"href":"https:\/\/alhaurinelgrande.es\/deportes\/wp-json\/wp\/v2\/pages\/213150"}],"wp:attachment":[{"href":"https:\/\/alhaurinelgrande.es\/deportes\/wp-json\/wp\/v2\/media?parent=213455"}],"curies":[{"name":"wp","href":"https:\/\/api.w.org\/{rel}","templated":true}]}}