{"id":213150,"date":"2018-04-13T10:38:23","date_gmt":"2018-04-13T08:38:23","guid":{"rendered":"http:\/\/deportes.pepemontoro.es\/?page_id=213150"},"modified":"2024-11-27T15:20:19","modified_gmt":"2024-11-27T14:20:19","slug":"escuelas","status":"publish","type":"page","link":"https:\/\/alhaurinelgrande.es\/deportes\/escuelas\/","title":{"rendered":"Escuelas"},"content":{"rendered":"<p>[et_pb_section bb_built=\u00bb1&#8243; admin_label=\u00bbHero\u00bb fullwidth=\u00bbon\u00bb disabled_on=\u00bboff|off|off\u00bb _builder_version=\u00bb3.0.77&#8243; background_color=\u00bb#1f1f1f\u00bb parallax=\u00bbon\u00bb custom_padding=\u00bb|||\u00bb transparent_background=\u00bbon\u00bb inner_width=\u00bbauto\u00bb inner_max_width=\u00bb960px\u00bb next_background_color=\u00bb#ededed\u00bb][et_pb_fullwidth_header title=\u00bbEscuelas Deportivas\u00bb text_orientation=\u00bbcenter\u00bb header_fullscreen=\u00bbon\u00bb header_scroll_down=\u00bbon\u00bb scroll_down_icon=\u00bb%%0%%\u00bb scroll_down_icon_color=\u00bb#ffffff\u00bb scroll_down_icon_size=\u00bb32px\u00bb background_overlay_color=\u00bbrgba(31,31,31,0.8)\u00bb subhead_font_color=\u00bb#bebebe\u00bb _builder_version=\u00bb3.7.1&#8243; title_font=\u00bbLato||||||||\u00bb title_text_color=\u00bb#ffffff\u00bb title_font_size=\u00bb72px\u00bb title_font_size_phone=\u00bb36px\u00bb title_font_size_last_edited=\u00bbon|phone\u00bb title_line_height=\u00bb1.3em\u00bb title_line_height_last_edited=\u00bboff|desktop\u00bb content_font=\u00bbMontserrat||||\u00bb content_text_color=\u00bb#bfbfbf\u00bb content_font_size=\u00bb19px\u00bb content_line_height=\u00bb1.8em\u00bb subhead_font=\u00bbMontserrat||||\u00bb subhead_text_color=\u00bb#bebebe\u00bb subhead_line_height=\u00bb1.8em\u00bb background_color=\u00bbrgba(255, 255, 255, 0)\u00bb background_image=\u00bbhttp:\/\/deportes.pepemontoro.es\/wp-content\/uploads\/2018\/04\/pabellon-polideportivo_alh.jpg\u00bb parallax=\u00bbon\u00bb parallax_method=\u00bbon\u00bb custom_button_two=\u00bbon\u00bb button_two_text_size=\u00bb15px\u00bb button_two_text_color=\u00bb#ffffff\u00bb button_two_bg_color=\u00bb#c39d63&#8243; button_two_border_width=\u00bb2px\u00bb button_two_border_color=\u00bb#c39d63&#8243; button_two_border_radius=\u00bb0px\u00bb button_two_letter_spacing=\u00bb1px\u00bb button_two_font=\u00bbMontserrat|||on|\u00bb button_two_use_icon=\u00bboff\u00bb button_two_letter_spacing_hover=\u00bb1px\u00bb custom_button_one=\u00bbon\u00bb button_one_text_size=\u00bb15px\u00bb button_one_text_color=\u00bb#ffffff\u00bb button_one_border_width=\u00bb2px\u00bb button_one_border_color=\u00bb#ffffff\u00bb button_one_border_radius=\u00bb0px\u00bb button_one_letter_spacing=\u00bb1px\u00bb button_one_font=\u00bbMontserrat|||on|\u00bb button_one_use_icon=\u00bboff\u00bb button_one_border_radius_hover=\u00bb0px\u00bb button_one_letter_spacing_hover=\u00bb1px\u00bb animation_style=\u00bbzoom\u00bb animation_duration=\u00bb1500ms\u00bb animation_intensity_zoom=\u00bb4%\u00bb button_one_text_size__hover_enabled=\u00bboff\u00bb button_two_text_size__hover_enabled=\u00bboff\u00bb button_one_text_color__hover_enabled=\u00bboff\u00bb button_two_text_color__hover_enabled=\u00bboff\u00bb button_one_border_width__hover_enabled=\u00bboff\u00bb button_two_border_width__hover_enabled=\u00bboff\u00bb button_one_border_color__hover_enabled=\u00bboff\u00bb button_two_border_color__hover_enabled=\u00bboff\u00bb button_one_border_radius__hover_enabled=\u00bbon\u00bb button_one_border_radius__hover=\u00bb0px\u00bb button_two_border_radius__hover_enabled=\u00bboff\u00bb button_one_letter_spacing__hover_enabled=\u00bbon\u00bb button_one_letter_spacing__hover=\u00bb1px\u00bb button_two_letter_spacing__hover_enabled=\u00bbon\u00bb button_two_letter_spacing__hover=\u00bb1px\u00bb button_one_bg_color__hover_enabled=\u00bboff\u00bb button_two_bg_color__hover_enabled=\u00bboff\u00bb \/][\/et_pb_section][et_pb_section bb_built=\u00bb1&#8243; admin_label=\u00bbMenu Grid\u00bb _builder_version=\u00bb3.0.105&#8243; background_color=\u00bb#ededed\u00bb background_position=\u00bbtop_left\u00bb background_blend=\u00bbmultiply\u00bb custom_padding=\u00bb0px|0px|0px|0px\u00bb inner_width=\u00bbauto\u00bb inner_max_width=\u00bb960px\u00bb prev_background_color=\u00bb#1f1f1f\u00bb][et_pb_row use_custom_width=\u00bbon\u00bb custom_width_px=\u00bb1280px\u00bb use_custom_gutter=\u00bbon\u00bb gutter_width=\u00bb1&#8243; custom_padding=\u00bb0px|0px|0px|0px\u00bb make_equal=\u00bbon\u00bb _builder_version=\u00bb3.0.106&#8243; background_size=\u00bbinitial\u00bb background_position=\u00bbtop_left\u00bb background_repeat=\u00bbrepeat\u00bb animation_style=\u00bbfade\u00bb animation_direction=\u00bbtop\u00bb width=\u00bb80%\u00bb max_width=\u00bb1280px\u00bb][et_pb_column type=\u00bb1_3&#8243; _builder_version=\u00bb3.0.47&#8243; padding_bottom=\u00bb48px\u00bb padding_left=\u00bb24px\u00bb padding_right=\u00bb24px\u00bb padding_top=\u00bb48px\u00bb bg_img=\u00bbhttp:\/\/deportes.pepemontoro.es\/wp-content\/uploads\/2018\/04\/escuela-futbol.jpg\u00bb background_color=\u00bbrgba(0,0,0,0.5)\u00bb parallax=\u00bboff\u00bb parallax_method=\u00bbon\u00bb background_blend=\u00bboverlay\u00bb background_image=\u00bbhttp:\/\/deportes.pepemontoro.es\/wp-content\/uploads\/2018\/04\/escuela-futbol.jpg\u00bb custom_padding__hover=\u00bb|||\u00bb custom_padding=\u00bb48px|24px|48px|24px\u00bb][et_pb_blurb title=\u00bbESCUELA DE F\u00daTBOL\u00bb url=\u00bbhttps:\/\/alhaurinelgrande.es\/deportes\/escuelas\/escuela-de-futbol\u00bb _builder_version=\u00bb3.15&#8243; header_font=\u00bbLato|700|||||||\u00bb header_text_align=\u00bbcenter\u00bb header_text_color=\u00bb#ffffff\u00bb header_font_size=\u00bb38px\u00bb custom_margin=\u00bb|||\u00bb \/][\/et_pb_column][et_pb_column type=\u00bb1_3&#8243; _builder_version=\u00bb3.0.47&#8243; padding_bottom=\u00bb48px\u00bb padding_left=\u00bb24px\u00bb padding_right=\u00bb24px\u00bb padding_top=\u00bb48px\u00bb parallax=\u00bboff\u00bb parallax_method=\u00bbon\u00bb background_blend=\u00bboverlay\u00bb custom_padding__hover=\u00bb|||\u00bb custom_padding=\u00bb48px|24px|48px|24px\u00bb][et_pb_blurb title=\u00bbESCUELA DE BALONCESTO\u00bb url=\u00bbhttps:\/\/alhaurinelgrande.es\/deportes\/escuelas\/escuelas-de-baloncesto\u00bb _builder_version=\u00bb3.15&#8243; header_font=\u00bbLato|700|||||||\u00bb header_text_align=\u00bbcenter\u00bb header_text_color=\u00bb#0c71c3&#8243; header_font_size=\u00bb38px\u00bb custom_margin=\u00bb|||\u00bb \/][\/et_pb_column][et_pb_column type=\u00bb1_3&#8243; _builder_version=\u00bb3.0.47&#8243; padding_bottom=\u00bb48px\u00bb padding_left=\u00bb24px\u00bb padding_right=\u00bb24px\u00bb padding_top=\u00bb48px\u00bb bg_img=\u00bbhttp:\/\/deportes.pepemontoro.es\/wp-content\/uploads\/2018\/04\/escuela-de-mayores.jpg\u00bb background_color=\u00bbrgba(0,0,0,0.5)\u00bb parallax=\u00bboff\u00bb parallax_method=\u00bbon\u00bb background_image=\u00bbhttp:\/\/deportes.pepemontoro.es\/wp-content\/uploads\/2018\/04\/escuela-de-mayores.jpg\u00bb custom_padding__hover=\u00bb|||\u00bb custom_padding=\u00bb48px|24px|48px|24px\u00bb][et_pb_blurb title=\u00bbESCUELA DE MAYORES\u00bb url=\u00bbhttps:\/\/alhaurinelgrande.es\/deportes\/escuelas\/escuelas-de-mayores\/\u00bb _builder_version=\u00bb3.15&#8243; header_font=\u00bbLato|700|||||||\u00bb header_text_align=\u00bbcenter\u00bb header_text_color=\u00bb#ffffff\u00bb header_font_size=\u00bb38px\u00bb custom_margin=\u00bb|||\u00bb \/][et_pb_divider show_divider=\u00bboff\u00bb height=\u00bb200px\u00bb _builder_version=\u00bb3.2&#8243; \/][\/et_pb_column][\/et_pb_row][et_pb_row use_custom_width=\u00bbon\u00bb custom_width_px=\u00bb1280px\u00bb use_custom_gutter=\u00bbon\u00bb gutter_width=\u00bb1&#8243; custom_padding=\u00bb0px|0px|0px|0px\u00bb make_equal=\u00bbon\u00bb _builder_version=\u00bb3.0.106&#8243; background_size=\u00bbinitial\u00bb background_position=\u00bbtop_left\u00bb background_repeat=\u00bbrepeat\u00bb animation_style=\u00bbfade\u00bb animation_direction=\u00bbtop\u00bb width=\u00bb80%\u00bb max_width=\u00bb1280px\u00bb][et_pb_column type=\u00bb1_3&#8243; _builder_version=\u00bb3.0.47&#8243; padding_bottom=\u00bb48px\u00bb padding_left=\u00bb24px\u00bb padding_right=\u00bb24px\u00bb padding_top=\u00bb48px\u00bb parallax=\u00bboff\u00bb parallax_method=\u00bbon\u00bb background_blend=\u00bboverlay\u00bb custom_padding__hover=\u00bb|||\u00bb custom_padding=\u00bb48px|24px|48px|24px\u00bb][et_pb_blurb title=\u00bbESCUELA DE NATACI\u00d3N\u00bb url=\u00bb#\u00bb _builder_version=\u00bb3.15&#8243; header_font=\u00bbLato|700|||||||\u00bb header_text_align=\u00bbcenter\u00bb header_text_color=\u00bb#0c71c3&#8243; header_font_size=\u00bb38px\u00bb custom_margin=\u00bb|||\u00bb \/][\/et_pb_column][et_pb_column type=\u00bb1_3&#8243; _builder_version=\u00bb3.0.47&#8243; padding_bottom=\u00bb48px\u00bb padding_left=\u00bb24px\u00bb padding_right=\u00bb24px\u00bb padding_top=\u00bb48px\u00bb bg_img=\u00bbhttp:\/\/deportes.pepemontoro.es\/wp-content\/uploads\/2018\/04\/escuela-patinaje.jpg\u00bb background_color=\u00bbrgba(0,0,0,0.5)\u00bb parallax=\u00bboff\u00bb parallax_method=\u00bbon\u00bb background_blend=\u00bboverlay\u00bb background_image=\u00bbhttp:\/\/deportes.pepemontoro.es\/wp-content\/uploads\/2018\/04\/escuela-patinaje.jpg\u00bb custom_padding__hover=\u00bb|||\u00bb custom_padding=\u00bb48px|24px|48px|24px\u00bb][et_pb_blurb title=\u00bbESCUELA DE PATINAJE\u00bb url=\u00bbhttps:\/\/alhaurinelgrande.es\/deportes\/escuelas\/escuelas-de-patinaje\u00bb _builder_version=\u00bb3.15&#8243; header_font=\u00bbLato|700|||||||\u00bb header_text_align=\u00bbcenter\u00bb header_text_color=\u00bb#ffffff\u00bb header_font_size=\u00bb38px\u00bb custom_margin=\u00bb|||\u00bb \/][\/et_pb_column][et_pb_column type=\u00bb1_3&#8243; _builder_version=\u00bb3.0.47&#8243; padding_bottom=\u00bb48px\u00bb padding_left=\u00bb24px\u00bb padding_right=\u00bb24px\u00bb padding_top=\u00bb48px\u00bb parallax=\u00bboff\u00bb parallax_method=\u00bbon\u00bb custom_padding__hover=\u00bb|||\u00bb custom_padding=\u00bb48px|24px|48px|24px\u00bb][et_pb_blurb title=\u00bbESCUELA DE TENIS\u00bb url=\u00bbhttps:\/\/alhaurinelgrande.es\/deportes\/escuelas\/escuelas-de-tenis\u00bb _builder_version=\u00bb3.15&#8243; header_font=\u00bbLato|700|||||||\u00bb header_text_align=\u00bbcenter\u00bb header_text_color=\u00bb#0c71c3&#8243; header_font_size=\u00bb38px\u00bb custom_margin=\u00bb|||\u00bb \/][et_pb_divider show_divider=\u00bboff\u00bb height=\u00bb230px\u00bb _builder_version=\u00bb3.2&#8243; \/][\/et_pb_column][\/et_pb_row][et_pb_row use_custom_width=\u00bbon\u00bb custom_width_px=\u00bb1280px\u00bb use_custom_gutter=\u00bbon\u00bb gutter_width=\u00bb1&#8243; custom_padding=\u00bb0px|0px|50px|0px\u00bb make_equal=\u00bbon\u00bb _builder_version=\u00bb3.0.106&#8243; background_size=\u00bbinitial\u00bb background_position=\u00bbtop_left\u00bb background_repeat=\u00bbrepeat\u00bb animation_style=\u00bbfade\u00bb animation_direction=\u00bbtop\u00bb width=\u00bb80%\u00bb max_width=\u00bb1280px\u00bb][et_pb_column type=\u00bb1_3&#8243; _builder_version=\u00bb3.0.47&#8243; padding_bottom=\u00bb48px\u00bb padding_left=\u00bb24px\u00bb padding_right=\u00bb24px\u00bb padding_top=\u00bb48px\u00bb bg_img=\u00bbhttp:\/\/deportes.pepemontoro.es\/wp-content\/uploads\/2018\/04\/Escuelas-atletismo.png\u00bb background_color=\u00bbrgba(0,0,0,0.5)\u00bb parallax=\u00bboff\u00bb parallax_method=\u00bbon\u00bb background_blend=\u00bboverlay\u00bb background_image=\u00bbhttp:\/\/deportes.pepemontoro.es\/wp-content\/uploads\/2018\/04\/Escuelas-atletismo.png\u00bb custom_padding__hover=\u00bb|||\u00bb custom_padding=\u00bb48px|24px|48px|24px\u00bb][et_pb_blurb title=\u00bbESCUELA DE ATLETISMO\u00bb url=\u00bbhttps:\/\/alhaurinelgrande.es\/deportes\/escuelas\/escuelas-de-atletismo\u00bb _builder_version=\u00bb3.15&#8243; header_font=\u00bbLato|700|||||||\u00bb header_text_align=\u00bbcenter\u00bb header_text_color=\u00bb#ffffff\u00bb header_font_size=\u00bb38px\u00bb custom_margin=\u00bb|||\u00bb \/][\/et_pb_column][et_pb_column type=\u00bb1_3&#8243; _builder_version=\u00bb3.0.47&#8243; padding_bottom=\u00bb48px\u00bb padding_left=\u00bb24px\u00bb padding_right=\u00bb24px\u00bb padding_top=\u00bb48px\u00bb parallax=\u00bboff\u00bb parallax_method=\u00bbon\u00bb background_blend=\u00bboverlay\u00bb custom_padding__hover=\u00bb|||\u00bb custom_padding=\u00bb48px|24px|48px|24px\u00bb][et_pb_blurb url=\u00bb#\u00bb _builder_version=\u00bb3.15&#8243; header_font=\u00bbLato|700|||||||\u00bb header_text_align=\u00bbcenter\u00bb header_text_color=\u00bb#0c71c3&#8243; header_font_size=\u00bb38px\u00bb custom_margin=\u00bb|||\u00bb \/][\/et_pb_column][et_pb_column type=\u00bb1_3&#8243; _builder_version=\u00bb3.0.47&#8243; padding_bottom=\u00bb48px\u00bb padding_left=\u00bb24px\u00bb padding_right=\u00bb24px\u00bb padding_top=\u00bb48px\u00bb bg_img=\u00bbhttp:\/\/deportes.pepemontoro.es\/wp-content\/uploads\/2018\/04\/Escuelas-deportivas.png\u00bb background_color=\u00bbrgba(0,0,0,0.5)\u00bb parallax=\u00bboff\u00bb parallax_method=\u00bbon\u00bb background_image=\u00bbhttp:\/\/deportes.pepemontoro.es\/wp-content\/uploads\/2018\/04\/Escuelas-deportivas.png\u00bb custom_padding__hover=\u00bb|||\u00bb custom_padding=\u00bb48px|24px|48px|24px\u00bb][et_pb_blurb title=\u00bbESCUELA PADEL\u00bb url=\u00bbhttps:\/\/alhaurinelgrande.es\/deportes\/escuelas\/escuelas-de-padel\u00bb _builder_version=\u00bb3.15&#8243; header_font=\u00bbLato|700|||||||\u00bb header_text_align=\u00bbcenter\u00bb header_text_color=\u00bb#ffffff\u00bb header_font_size=\u00bb38px\u00bb custom_margin=\u00bb|||\u00bb \/][et_pb_divider show_divider=\u00bboff\u00bb height=\u00bb230px\u00bb _builder_version=\u00bb3.2&#8243; \/][\/et_pb_column][\/et_pb_row][\/et_pb_section]<\/p>\n","protected":false},"excerpt":{"rendered":"","protected":false},"author":1,"featured_media":0,"parent":0,"menu_order":0,"comment_status":"closed","ping_status":"closed","template":"","meta":{"_et_pb_use_builder":"on","_et_pb_old_content":"","_et_gb_content_width":"","footnotes":""},"class_list":["post-213150","page","type-page","status-publish","hentry"],"yoast_head":"<!-- This site is optimized with the Yoast SEO plugin v23.9 - https:\/\/yoast.com\/wordpress\/plugins\/seo\/ -->\n<title>Escuelas | Deportes Alhaur\u00edn<\/title>\n<meta name=\"robots\" content=\"index, follow, max-snippet:-1, max-image-preview:large, max-video-preview:-1\" \/>\n<link rel=\"canonical\" href=\"https:\/\/alhaurinelgrande.es\/deportes\/escuelas\/\" \/>\n<meta property=\"og:locale\" content=\"es_ES\" \/>\n<meta property=\"og:type\" content=\"article\" \/>\n<meta property=\"og:title\" content=\"Escuelas | Deportes Alhaur\u00edn\" \/>\n<meta property=\"og:url\" content=\"https:\/\/alhaurinelgrande.es\/deportes\/escuelas\/\" \/>\n<meta property=\"og:site_name\" content=\"Deportes Alhaur\u00edn\" \/>\n<meta property=\"article:publisher\" content=\"https:\/\/www.facebook.com\/AytoAlhaurin\" \/>\n<meta property=\"article:modified_time\" content=\"2024-11-27T14:20:19+00:00\" \/>\n<meta name=\"twitter:card\" content=\"summary_large_image\" \/>\n<meta name=\"twitter:label1\" content=\"Tiempo de lectura\" \/>\n\t<meta name=\"twitter:data1\" content=\"1 minuto\" \/>\n<script type=\"application\/ld+json\" class=\"yoast-schema-graph\">{\"@context\":\"https:\/\/schema.org\",\"@graph\":[{\"@type\":\"WebPage\",\"@id\":\"https:\/\/alhaurinelgrande.es\/deportes\/escuelas\/\",\"url\":\"https:\/\/alhaurinelgrande.es\/deportes\/escuelas\/\",\"name\":\"Escuelas | Deportes Alhaur\u00edn\",\"isPartOf\":{\"@id\":\"https:\/\/alhaurinelgrande.es\/deportes\/#website\"},\"datePublished\":\"2018-04-13T08:38:23+00:00\",\"dateModified\":\"2024-11-27T14:20:19+00:00\",\"breadcrumb\":{\"@id\":\"https:\/\/alhaurinelgrande.es\/deportes\/escuelas\/#breadcrumb\"},\"inLanguage\":\"es\",\"potentialAction\":[{\"@type\":\"ReadAction\",\"target\":[\"https:\/\/alhaurinelgrande.es\/deportes\/escuelas\/\"]}]},{\"@type\":\"BreadcrumbList\",\"@id\":\"https:\/\/alhaurinelgrande.es\/deportes\/escuelas\/#breadcrumb\",\"itemListElement\":[{\"@type\":\"ListItem\",\"position\":1,\"name\":\"Portada\",\"item\":\"https:\/\/alhaurinelgrande.es\/deportes\/\"},{\"@type\":\"ListItem\",\"position\":2,\"name\":\"Escuelas\"}]},{\"@type\":\"WebSite\",\"@id\":\"https:\/\/alhaurinelgrande.es\/deportes\/#website\",\"url\":\"https:\/\/alhaurinelgrande.es\/deportes\/\",\"name\":\"Deportes Alhaur\u00edn\",\"description\":\"Concejal\u00eda Deportes Alhaur\u00edn el Grande\",\"publisher\":{\"@id\":\"https:\/\/alhaurinelgrande.es\/deportes\/#organization\"},\"potentialAction\":[{\"@type\":\"SearchAction\",\"target\":{\"@type\":\"EntryPoint\",\"urlTemplate\":\"https:\/\/alhaurinelgrande.es\/deportes\/?s={search_term_string}\"},\"query-input\":{\"@type\":\"PropertyValueSpecification\",\"valueRequired\":true,\"valueName\":\"search_term_string\"}}],\"inLanguage\":\"es\"},{\"@type\":\"Organization\",\"@id\":\"https:\/\/alhaurinelgrande.es\/deportes\/#organization\",\"name\":\"Ayuntamiento de Alhaur\u00edn el Grande - \u00c1rea de Deportes\",\"url\":\"https:\/\/alhaurinelgrande.es\/deportes\/\",\"logo\":{\"@type\":\"ImageObject\",\"inLanguage\":\"es\",\"@id\":\"https:\/\/alhaurinelgrande.es\/deportes\/#\/schema\/logo\/image\/\",\"url\":\"https:\/\/alhaurinelgrande.es\/deportes\/wp-content\/uploads\/2018\/06\/LOGOAYTODEPORTES.png\",\"contentUrl\":\"https:\/\/alhaurinelgrande.es\/deportes\/wp-content\/uploads\/2018\/06\/LOGOAYTODEPORTES.png\",\"width\":768,\"height\":256,\"caption\":\"Ayuntamiento de Alhaur\u00edn el Grande - \u00c1rea de Deportes\"},\"image\":{\"@id\":\"https:\/\/alhaurinelgrande.es\/deportes\/#\/schema\/logo\/image\/\"},\"sameAs\":[\"https:\/\/www.facebook.com\/AytoAlhaurin\"]}]}<\/script>\n<!-- \/ Yoast SEO plugin. -->","yoast_head_json":{"title":"Escuelas | Deportes Alhaur\u00edn","robots":{"index":"index","follow":"follow","max-snippet":"max-snippet:-1","max-image-preview":"max-image-preview:large","max-video-preview":"max-video-preview:-1"},"canonical":"https:\/\/alhaurinelgrande.es\/deportes\/escuelas\/","og_locale":"es_ES","og_type":"article","og_title":"Escuelas | Deportes Alhaur\u00edn","og_url":"https:\/\/alhaurinelgrande.es\/deportes\/escuelas\/","og_site_name":"Deportes Alhaur\u00edn","article_publisher":"https:\/\/www.facebook.com\/AytoAlhaurin","article_modified_time":"2024-11-27T14:20:19+00:00","twitter_card":"summary_large_image","twitter_misc":{"Tiempo de lectura":"1 minuto"},"schema":{"@context":"https:\/\/schema.org","@graph":[{"@type":"WebPage","@id":"https:\/\/alhaurinelgrande.es\/deportes\/escuelas\/","url":"https:\/\/alhaurinelgrande.es\/deportes\/escuelas\/","name":"Escuelas | Deportes Alhaur\u00edn","isPartOf":{"@id":"https:\/\/alhaurinelgrande.es\/deportes\/#website"},"datePublished":"2018-04-13T08:38:23+00:00","dateModified":"2024-11-27T14:20:19+00:00","breadcrumb":{"@id":"https:\/\/alhaurinelgrande.es\/deportes\/escuelas\/#breadcrumb"},"inLanguage":"es","potentialAction":[{"@type":"ReadAction","target":["https:\/\/alhaurinelgrande.es\/deportes\/escuelas\/"]}]},{"@type":"BreadcrumbList","@id":"https:\/\/alhaurinelgrande.es\/deportes\/escuelas\/#breadcrumb","itemListElement":[{"@type":"ListItem","position":1,"name":"Portada","item":"https:\/\/alhaurinelgrande.es\/deportes\/"},{"@type":"ListItem","position":2,"name":"Escuelas"}]},{"@type":"WebSite","@id":"https:\/\/alhaurinelgrande.es\/deportes\/#website","url":"https:\/\/alhaurinelgrande.es\/deportes\/","name":"Deportes Alhaur\u00edn","description":"Concejal\u00eda Deportes Alhaur\u00edn el Grande","publisher":{"@id":"https:\/\/alhaurinelgrande.es\/deportes\/#organization"},"potentialAction":[{"@type":"SearchAction","target":{"@type":"EntryPoint","urlTemplate":"https:\/\/alhaurinelgrande.es\/deportes\/?s={search_term_string}"},"query-input":{"@type":"PropertyValueSpecification","valueRequired":true,"valueName":"search_term_string"}}],"inLanguage":"es"},{"@type":"Organization","@id":"https:\/\/alhaurinelgrande.es\/deportes\/#organization","name":"Ayuntamiento de Alhaur\u00edn el Grande - \u00c1rea de Deportes","url":"https:\/\/alhaurinelgrande.es\/deportes\/","logo":{"@type":"ImageObject","inLanguage":"es","@id":"https:\/\/alhaurinelgrande.es\/deportes\/#\/schema\/logo\/image\/","url":"https:\/\/alhaurinelgrande.es\/deportes\/wp-content\/uploads\/2018\/06\/LOGOAYTODEPORTES.png","contentUrl":"https:\/\/alhaurinelgrande.es\/deportes\/wp-content\/uploads\/2018\/06\/LOGOAYTODEPORTES.png","width":768,"height":256,"caption":"Ayuntamiento de Alhaur\u00edn el Grande - \u00c1rea de Deportes"},"image":{"@id":"https:\/\/alhaurinelgrande.es\/deportes\/#\/schema\/logo\/image\/"},"sameAs":["https:\/\/www.facebook.com\/AytoAlhaurin"]}]}},"_links":{"self":[{"href":"https:\/\/alhaurinelgrande.es\/deportes\/wp-json\/wp\/v2\/pages\/213150","targetHints":{"allow":["GET"]}}],"collection":[{"href":"https:\/\/alhaurinelgrande.es\/deportes\/wp-json\/wp\/v2\/pages"}],"about":[{"href":"https:\/\/alhaurinelgrande.es\/deportes\/wp-json\/wp\/v2\/types\/page"}],"author":[{"embeddable":true,"href":"https:\/\/alhaurinelgrande.es\/deportes\/wp-json\/wp\/v2\/users\/1"}],"replies":[{"embeddable":true,"href":"https:\/\/alhaurinelgrande.es\/deportes\/wp-json\/wp\/v2\/comments?post=213150"}],"version-history":[{"count":23,"href":"https:\/\/alhaurinelgrande.es\/deportes\/wp-json\/wp\/v2\/pages\/213150\/revisions"}],"predecessor-version":[{"id":214268,"href":"https:\/\/alhaurinelgrande.es\/deportes\/wp-json\/wp\/v2\/pages\/213150\/revisions\/214268"}],"wp:attachment":[{"href":"https:\/\/alhaurinelgrande.es\/deportes\/wp-json\/wp\/v2\/media?parent=213150"}],"curies":[{"name":"wp","href":"https:\/\/api.w.org\/{rel}","templated":true}]}}