{"id":1333,"date":"2017-11-22T11:33:09","date_gmt":"2017-11-22T10:33:09","guid":{"rendered":"http:\/\/cultura.pepemontoro.es\/?page_id=1333"},"modified":"2020-09-16T11:19:43","modified_gmt":"2020-09-16T09:19:43","slug":"inicio","status":"publish","type":"page","link":"https:\/\/alhaurinelgrande.es\/deportes\/inicio\/","title":{"rendered":"Inicio"},"content":{"rendered":"<p>[et_pb_section fb_built=\u00bb1&#8243; _builder_version=\u00bb3.22.3&#8243; custom_padding=\u00bb120px||70px|||\u00bb][et_pb_row _builder_version=\u00bb4.6.1&#8243; custom_padding=\u00bb0px|0px|0px|0px\u00bb hover_enabled=\u00bb0&#8243; sticky_enabled=\u00bb0&#8243;][et_pb_column type=\u00bb4_4&#8243; _builder_version=\u00bb3.25&#8243; custom_padding=\u00bb|||\u00bb custom_padding__hover=\u00bb|||\u00bb][et_pb_blog fullwidth=\u00bboff\u00bb posts_number=\u00bb6&#8243; meta_date=\u00bbj M, Y\u00bb show_more=\u00bbon\u00bb show_author=\u00bboff\u00bb show_pagination=\u00bboff\u00bb use_overlay=\u00bbon\u00bb overlay_icon_color=\u00bb#ffffff\u00bb hover_overlay_color=\u00bbrgba(0,0,0,0.35)\u00bb hover_icon=\u00bb%%372%%\u00bb _builder_version=\u00bb4.6.1&#8243; header_font=\u00bbPoppins|700|||||||\u00bb header_text_align=\u00bbcenter\u00bb header_font_size=\u00bb26px\u00bb header_line_height=\u00bb1.2em\u00bb body_line_height=\u00bb1.6em\u00bb meta_font=\u00bb|700||on|||||\u00bb custom_margin=\u00bb|||\u00bb custom_padding=\u00bb|12px||12px||true\u00bb animation_style=\u00bbfade\u00bb hover_enabled=\u00bb0&#8243; header_font_size_tablet=\u00bb\u00bb header_font_size_phone=\u00bb24px\u00bb header_font_size_last_edited=\u00bbon|phone\u00bb meta_font_size_tablet=\u00bb\u00bb meta_font_size_phone=\u00bb\u00bb meta_font_size_last_edited=\u00bbon|desktop\u00bb border_radii=\u00bbon|0px|0px|0px|0px\u00bb box_shadow_style=\u00bbpreset1&#8243; box_shadow_color=\u00bbrgba(12,113,195,0.3)\u00bb include_categories=\u00bball\u00bb sticky_enabled=\u00bb0&#8243;]&nbsp;<br \/>\n[\/et_pb_blog][\/et_pb_column][\/et_pb_row][\/et_pb_section][et_pb_section fb_built=\u00bb1&#8243; fullwidth=\u00bbon\u00bb _builder_version=\u00bb3.22.3&#8243;][et_pb_fullwidth_map address=\u00bbCalle Arroyo de la Moraleda, s\/n, 29120 Alhaur\u00edn el Grande, M\u00e1laga, Espa\u00f1a\u00bb zoom_level=\u00bb17&#8243; address_lat=\u00bb36.6489903&#8243; address_lng=\u00bb-4.677528499999994&#8243; mouse_wheel=\u00bboff\u00bb mobile_dragging=\u00bboff\u00bb _builder_version=\u00bb3.0.106&#8243;][et_pb_map_pin title=\u00bbPiscina Municipal Cubierta\u00bb pin_address=\u00bbCalle Arroyo de la Moraleda, s\/n, 29120 Alhaur\u00edn el Grande, M\u00e1laga, Espa\u00f1a\u00bb pin_address_lat=\u00bb36.6489903&#8243; pin_address_lng=\u00bb-4.677528499999994&#8243; _builder_version=\u00bb3.0.95&#8243;]Calle Arroyo de la Moraleda, s\/n<\/p>\n<p>29120 Alhaur\u00edn el Grande<\/p>\n<p>M\u00e1laga, Spain<\/p>\n<p>952 590 005<br \/>\n[\/et_pb_map_pin][\/et_pb_fullwidth_map][\/et_pb_section]<\/p>\n","protected":false},"excerpt":{"rendered":"<p>&nbsp; Calle Arroyo de la Moraleda, s\/n 29120 Alhaur\u00edn el Grande M\u00e1laga, Spain 952 590 005<\/p>\n","protected":false},"author":1,"featured_media":0,"parent":0,"menu_order":0,"comment_status":"closed","ping_status":"closed","template":"","meta":{"_et_pb_use_builder":"on","_et_pb_old_content":"","_et_gb_content_width":"","footnotes":""},"class_list":["post-1333","page","type-page","status-publish","hentry"],"yoast_head":"<!-- This site is optimized with the Yoast SEO plugin v23.9 - https:\/\/yoast.com\/wordpress\/plugins\/seo\/ -->\n<title>Inicio | Deportes Alhaur\u00edn<\/title>\n<meta name=\"robots\" content=\"index, follow, max-snippet:-1, max-image-preview:large, max-video-preview:-1\" \/>\n<link rel=\"canonical\" href=\"https:\/\/alhaurinelgrande.es\/deportes\/inicio\/\" \/>\n<meta property=\"og:locale\" content=\"es_ES\" \/>\n<meta property=\"og:type\" content=\"article\" \/>\n<meta property=\"og:title\" content=\"Inicio | Deportes Alhaur\u00edn\" \/>\n<meta property=\"og:description\" content=\"&nbsp; Calle Arroyo de la Moraleda, s\/n 29120 Alhaur\u00edn el Grande M\u00e1laga, Spain 952 590 005\" \/>\n<meta property=\"og:url\" content=\"https:\/\/alhaurinelgrande.es\/deportes\/inicio\/\" \/>\n<meta property=\"og:site_name\" content=\"Deportes Alhaur\u00edn\" \/>\n<meta property=\"article:publisher\" content=\"https:\/\/www.facebook.com\/AytoAlhaurin\" \/>\n<meta property=\"article:modified_time\" content=\"2020-09-16T09:19:43+00:00\" \/>\n<meta name=\"twitter:card\" content=\"summary_large_image\" \/>\n<meta name=\"twitter:label1\" content=\"Tiempo de lectura\" \/>\n\t<meta name=\"twitter:data1\" content=\"1 minuto\" \/>\n<script type=\"application\/ld+json\" class=\"yoast-schema-graph\">{\"@context\":\"https:\/\/schema.org\",\"@graph\":[{\"@type\":\"WebPage\",\"@id\":\"https:\/\/alhaurinelgrande.es\/deportes\/inicio\/\",\"url\":\"https:\/\/alhaurinelgrande.es\/deportes\/inicio\/\",\"name\":\"Inicio | Deportes Alhaur\u00edn\",\"isPartOf\":{\"@id\":\"https:\/\/alhaurinelgrande.es\/deportes\/#website\"},\"datePublished\":\"2017-11-22T10:33:09+00:00\",\"dateModified\":\"2020-09-16T09:19:43+00:00\",\"breadcrumb\":{\"@id\":\"https:\/\/alhaurinelgrande.es\/deportes\/inicio\/#breadcrumb\"},\"inLanguage\":\"es\",\"potentialAction\":[{\"@type\":\"ReadAction\",\"target\":[\"https:\/\/alhaurinelgrande.es\/deportes\/inicio\/\"]}]},{\"@type\":\"BreadcrumbList\",\"@id\":\"https:\/\/alhaurinelgrande.es\/deportes\/inicio\/#breadcrumb\",\"itemListElement\":[{\"@type\":\"ListItem\",\"position\":1,\"name\":\"Portada\",\"item\":\"https:\/\/alhaurinelgrande.es\/deportes\/\"},{\"@type\":\"ListItem\",\"position\":2,\"name\":\"Inicio\"}]},{\"@type\":\"WebSite\",\"@id\":\"https:\/\/alhaurinelgrande.es\/deportes\/#website\",\"url\":\"https:\/\/alhaurinelgrande.es\/deportes\/\",\"name\":\"Deportes Alhaur\u00edn\",\"description\":\"Concejal\u00eda Deportes Alhaur\u00edn el Grande\",\"publisher\":{\"@id\":\"https:\/\/alhaurinelgrande.es\/deportes\/#organization\"},\"potentialAction\":[{\"@type\":\"SearchAction\",\"target\":{\"@type\":\"EntryPoint\",\"urlTemplate\":\"https:\/\/alhaurinelgrande.es\/deportes\/?s={search_term_string}\"},\"query-input\":{\"@type\":\"PropertyValueSpecification\",\"valueRequired\":true,\"valueName\":\"search_term_string\"}}],\"inLanguage\":\"es\"},{\"@type\":\"Organization\",\"@id\":\"https:\/\/alhaurinelgrande.es\/deportes\/#organization\",\"name\":\"Ayuntamiento de Alhaur\u00edn el Grande - \u00c1rea de Deportes\",\"url\":\"https:\/\/alhaurinelgrande.es\/deportes\/\",\"logo\":{\"@type\":\"ImageObject\",\"inLanguage\":\"es\",\"@id\":\"https:\/\/alhaurinelgrande.es\/deportes\/#\/schema\/logo\/image\/\",\"url\":\"https:\/\/alhaurinelgrande.es\/deportes\/wp-content\/uploads\/2018\/06\/LOGOAYTODEPORTES.png\",\"contentUrl\":\"https:\/\/alhaurinelgrande.es\/deportes\/wp-content\/uploads\/2018\/06\/LOGOAYTODEPORTES.png\",\"width\":768,\"height\":256,\"caption\":\"Ayuntamiento de Alhaur\u00edn el Grande - \u00c1rea de Deportes\"},\"image\":{\"@id\":\"https:\/\/alhaurinelgrande.es\/deportes\/#\/schema\/logo\/image\/\"},\"sameAs\":[\"https:\/\/www.facebook.com\/AytoAlhaurin\"]}]}<\/script>\n<!-- \/ Yoast SEO plugin. -->","yoast_head_json":{"title":"Inicio | Deportes Alhaur\u00edn","robots":{"index":"index","follow":"follow","max-snippet":"max-snippet:-1","max-image-preview":"max-image-preview:large","max-video-preview":"max-video-preview:-1"},"canonical":"https:\/\/alhaurinelgrande.es\/deportes\/inicio\/","og_locale":"es_ES","og_type":"article","og_title":"Inicio | Deportes Alhaur\u00edn","og_description":"&nbsp; Calle Arroyo de la Moraleda, s\/n 29120 Alhaur\u00edn el Grande M\u00e1laga, Spain 952 590 005","og_url":"https:\/\/alhaurinelgrande.es\/deportes\/inicio\/","og_site_name":"Deportes Alhaur\u00edn","article_publisher":"https:\/\/www.facebook.com\/AytoAlhaurin","article_modified_time":"2020-09-16T09:19:43+00:00","twitter_card":"summary_large_image","twitter_misc":{"Tiempo de lectura":"1 minuto"},"schema":{"@context":"https:\/\/schema.org","@graph":[{"@type":"WebPage","@id":"https:\/\/alhaurinelgrande.es\/deportes\/inicio\/","url":"https:\/\/alhaurinelgrande.es\/deportes\/inicio\/","name":"Inicio | Deportes Alhaur\u00edn","isPartOf":{"@id":"https:\/\/alhaurinelgrande.es\/deportes\/#website"},"datePublished":"2017-11-22T10:33:09+00:00","dateModified":"2020-09-16T09:19:43+00:00","breadcrumb":{"@id":"https:\/\/alhaurinelgrande.es\/deportes\/inicio\/#breadcrumb"},"inLanguage":"es","potentialAction":[{"@type":"ReadAction","target":["https:\/\/alhaurinelgrande.es\/deportes\/inicio\/"]}]},{"@type":"BreadcrumbList","@id":"https:\/\/alhaurinelgrande.es\/deportes\/inicio\/#breadcrumb","itemListElement":[{"@type":"ListItem","position":1,"name":"Portada","item":"https:\/\/alhaurinelgrande.es\/deportes\/"},{"@type":"ListItem","position":2,"name":"Inicio"}]},{"@type":"WebSite","@id":"https:\/\/alhaurinelgrande.es\/deportes\/#website","url":"https:\/\/alhaurinelgrande.es\/deportes\/","name":"Deportes Alhaur\u00edn","description":"Concejal\u00eda Deportes Alhaur\u00edn el Grande","publisher":{"@id":"https:\/\/alhaurinelgrande.es\/deportes\/#organization"},"potentialAction":[{"@type":"SearchAction","target":{"@type":"EntryPoint","urlTemplate":"https:\/\/alhaurinelgrande.es\/deportes\/?s={search_term_string}"},"query-input":{"@type":"PropertyValueSpecification","valueRequired":true,"valueName":"search_term_string"}}],"inLanguage":"es"},{"@type":"Organization","@id":"https:\/\/alhaurinelgrande.es\/deportes\/#organization","name":"Ayuntamiento de Alhaur\u00edn el Grande - \u00c1rea de Deportes","url":"https:\/\/alhaurinelgrande.es\/deportes\/","logo":{"@type":"ImageObject","inLanguage":"es","@id":"https:\/\/alhaurinelgrande.es\/deportes\/#\/schema\/logo\/image\/","url":"https:\/\/alhaurinelgrande.es\/deportes\/wp-content\/uploads\/2018\/06\/LOGOAYTODEPORTES.png","contentUrl":"https:\/\/alhaurinelgrande.es\/deportes\/wp-content\/uploads\/2018\/06\/LOGOAYTODEPORTES.png","width":768,"height":256,"caption":"Ayuntamiento de Alhaur\u00edn el Grande - \u00c1rea de Deportes"},"image":{"@id":"https:\/\/alhaurinelgrande.es\/deportes\/#\/schema\/logo\/image\/"},"sameAs":["https:\/\/www.facebook.com\/AytoAlhaurin"]}]}},"_links":{"self":[{"href":"https:\/\/alhaurinelgrande.es\/deportes\/wp-json\/wp\/v2\/pages\/1333","targetHints":{"allow":["GET"]}}],"collection":[{"href":"https:\/\/alhaurinelgrande.es\/deportes\/wp-json\/wp\/v2\/pages"}],"about":[{"href":"https:\/\/alhaurinelgrande.es\/deportes\/wp-json\/wp\/v2\/types\/page"}],"author":[{"embeddable":true,"href":"https:\/\/alhaurinelgrande.es\/deportes\/wp-json\/wp\/v2\/users\/1"}],"replies":[{"embeddable":true,"href":"https:\/\/alhaurinelgrande.es\/deportes\/wp-json\/wp\/v2\/comments?post=1333"}],"version-history":[{"count":79,"href":"https:\/\/alhaurinelgrande.es\/deportes\/wp-json\/wp\/v2\/pages\/1333\/revisions"}],"predecessor-version":[{"id":214085,"href":"https:\/\/alhaurinelgrande.es\/deportes\/wp-json\/wp\/v2\/pages\/1333\/revisions\/214085"}],"wp:attachment":[{"href":"https:\/\/alhaurinelgrande.es\/deportes\/wp-json\/wp\/v2\/media?parent=1333"}],"curies":[{"name":"wp","href":"https:\/\/api.w.org\/{rel}","templated":true}]}}