{"id":213506,"date":"2018-09-20T08:06:05","date_gmt":"2018-09-20T06:06:05","guid":{"rendered":"https:\/\/alhaurinelgrande.es\/cultura\/?page_id=213506"},"modified":"2025-11-21T13:03:08","modified_gmt":"2025-11-21T12:03:08","slug":"juventud","status":"publish","type":"page","link":"https:\/\/alhaurinelgrande.es\/cultura\/juventud\/","title":{"rendered":"Juventud"},"content":{"rendered":"<p>[et_pb_section fb_built=&#8221;1&#8243; disabled_on=&#8221;on|on|on&#8221; admin_label=&#8221;Best Selling Book Section&#8221; _builder_version=&#8221;4.16&#8243; use_background_color_gradient=&#8221;on&#8221; background_color_gradient_direction=&#8221;90deg&#8221; background_color_gradient_stops=&#8221;rgba(148,166,191,0.34) 40%|#f4f4f4 40%&#8221; background_color_gradient_start=&#8221;rgba(148,166,191,0.34)&#8221; background_color_gradient_start_position=&#8221;40%&#8221; background_color_gradient_end=&#8221;#f4f4f4&#8243; background_color_gradient_end_position=&#8221;0%&#8221; background_image=&#8221;https:\/\/alhaurinelgrande.es\/cultura\/wp-content\/uploads\/2020\/04\/paper.jpg&#8221; background_blend=&#8221;multiply&#8221; custom_padding=&#8221;100px|0|180px|&#8221; disabled=&#8221;on&#8221; global_colors_info=&#8221;{}&#8221;][\/et_pb_section][et_pb_section fb_built=&#8221;1&#8243; custom_padding_last_edited=&#8221;on|tablet&#8221; admin_label=&#8221;Contact Form&#8221; _builder_version=&#8221;4.16&#8243; use_background_color_gradient=&#8221;on&#8221; background_color_gradient_stops=&#8221;rgba(43,135,218,0) 0%|rgba(43,135,218,0.03) 100%&#8221; background_color_gradient_start=&#8221;rgba(43,135,218,0)&#8221; background_color_gradient_end=&#8221;rgba(43,135,218,0.03)&#8221; custom_padding=&#8221;110px||110px|&#8221; custom_padding_tablet=&#8221;60px|||&#8221; custom_padding_phone=&#8221;&#8221; global_colors_info=&#8221;{}&#8221; custom_margin=&#8221;-182px|||||&#8221;][et_pb_row column_structure=&#8221;1_2,1_2&#8243; use_custom_gutter=&#8221;on&#8221; gutter_width=&#8221;1&#8243; make_equal=&#8221;on&#8221; _builder_version=&#8221;4.16&#8243; background_size=&#8221;initial&#8221; background_position=&#8221;top_left&#8221; background_repeat=&#8221;repeat&#8221; max_width=&#8221;980px&#8221; custom_padding=&#8221;24px|0px|60px|0px|false|false&#8221; use_custom_width=&#8221;on&#8221; custom_width_px=&#8221;980px&#8221; global_colors_info=&#8221;{}&#8221;][et_pb_column type=&#8221;1_2&#8243; _builder_version=&#8221;4.16&#8243; custom_padding=&#8221;|||&#8221; global_colors_info=&#8221;{}&#8221; custom_padding__hover=&#8221;|||&#8221;][et_pb_text admin_label=&#8221;Contact Title&#8221; _builder_version=&#8221;4.16&#8243; text_font=&#8221;||||&#8221; text_text_color=&#8221;#1a1a1a&#8221; header_font=&#8221;Oswald|on||on|&#8221; header_text_align=&#8221;left&#8221; header_font_size=&#8221;60px&#8221; header_line_height=&#8221;1.3em&#8221; background_size=&#8221;initial&#8221; background_position=&#8221;top_left&#8221; background_repeat=&#8221;repeat&#8221; max_width=&#8221;450px&#8221; custom_margin=&#8221;|||&#8221; custom_padding=&#8221;|||&#8221; animation_style=&#8221;slide&#8221; animation_direction=&#8221;top&#8221; animation_intensity_slide=&#8221;10%&#8221; locked=&#8221;off&#8221; global_colors_info=&#8221;{}&#8221;]<\/p>\n<h1>Juventud<\/h1>\n<p>[\/et_pb_text][et_pb_divider divider_position=&#8221;center&#8221; disabled_on=&#8221;off|off|off%22&#8243; admin_label=&#8221;Divider&#8221; _builder_version=&#8221;4.16&#8243; max_width=&#8221;150px&#8221; height=&#8221;false&#8221; custom_margin=&#8221;30px|||&#8221; animation_style=&#8221;slide&#8221; animation_direction=&#8221;top&#8221; animation_delay=&#8221;100ms&#8221; animation_intensity_slide=&#8221;10%&#8221; locked=&#8221;off&#8221; global_colors_info=&#8221;{}&#8221;][\/et_pb_divider][et_pb_text admin_label=&#8221;Contact Subtitle&#8221; _builder_version=&#8221;4.16&#8243; text_font=&#8221;Roboto||||&#8221; text_text_color=&#8221;#1a1a1a&#8221; text_font_size=&#8221;24px&#8221; text_line_height=&#8221;1.4em&#8221; background_size=&#8221;initial&#8221; background_position=&#8221;top_left&#8221; background_repeat=&#8221;repeat&#8221; max_width=&#8221;450px&#8221; custom_padding=&#8221;30px|||&#8221; animation_style=&#8221;slide&#8221; animation_direction=&#8221;top&#8221; animation_delay=&#8221;200ms&#8221; animation_intensity_slide=&#8221;10%&#8221; locked=&#8221;off&#8221; global_colors_info=&#8221;{}&#8221;]<\/p>\n<p align=\"justify\">Concejal\u00eda de Juventud del Ayuntamiento de Alhaur\u00edn el Grande<\/p>\n<p>[\/et_pb_text][et_pb_text admin_label=&#8221;Contact Text&#8221; _builder_version=&#8221;4.16&#8243; text_font=&#8221;Roboto||||&#8221; text_line_height=&#8221;1.9em&#8221; background_size=&#8221;initial&#8221; background_position=&#8221;top_left&#8221; background_repeat=&#8221;repeat&#8221; text_orientation=&#8221;justified&#8221; max_width=&#8221;450px&#8221; custom_margin=&#8221;60|||&#8221; custom_padding=&#8221;||60px|&#8221; animation_style=&#8221;slide&#8221; animation_direction=&#8221;top&#8221; animation_delay=&#8221;400ms&#8221; animation_intensity_slide=&#8221;4%&#8221; locked=&#8221;off&#8221; global_colors_info=&#8221;{}&#8221;]<\/p>\n<p style=\"text-align: justify;\">Desde la Concejal\u00eda de Juventud del Ayuntamiento de Alhaur\u00edn el Grande y desde su Centro de Informaci\u00f3n Juvenil situado en el edificio de la Biblioteca Municipal se lleva cabo una amplia oferta formativa y de ocio , distintos programas que completan a\u00fan m\u00e1s el amplio abanico de alternativas para los j\u00f3venes.<\/p>\n<p>[\/et_pb_text][\/et_pb_column][et_pb_column type=&#8221;1_2&#8243; _builder_version=&#8221;4.16&#8243; custom_padding=&#8221;|||&#8221; global_colors_info=&#8221;{}&#8221; custom_padding__hover=&#8221;|||&#8221;][et_pb_image src=&#8221;https:\/\/alhaurinelgrande.es\/cultura\/wp-content\/uploads\/2024\/04\/biblioteca_Alhaurin.jpg&#8221; alt=&#8221;biblioteca_Alhaurin&#8221; title_text=&#8221;biblioteca_Alhaurin&#8221; align=&#8221;center&#8221; align_tablet=&#8221;center&#8221; align_phone=&#8221;&#8221; align_last_edited=&#8221;on|desktop&#8221; _builder_version=&#8221;4.24.3&#8243; animation_style=&#8221;zoom&#8221; animation_direction=&#8221;bottom&#8221; box_shadow_style=&#8221;preset1&#8243; box_shadow_horizontal=&#8221;2px&#8221; box_shadow_blur=&#8221;22px&#8221; global_colors_info=&#8221;{}&#8221;][\/et_pb_image][\/et_pb_column][\/et_pb_row][et_pb_row column_structure=&#8221;1_4,1_4,1_4,1_4&#8243; use_custom_gutter=&#8221;on&#8221; gutter_width=&#8221;2&#8243; _builder_version=&#8221;4.16&#8243; max_width=&#8221;1440px&#8221; custom_padding=&#8221;60px|0px|60px|0px|true|false&#8221; use_custom_width=&#8221;on&#8221; custom_width_px=&#8221;1440px&#8221; global_colors_info=&#8221;{}&#8221;][et_pb_column type=&#8221;1_4&#8243; _builder_version=&#8221;4.16&#8243; custom_padding=&#8221;|||&#8221; global_colors_info=&#8221;{}&#8221; custom_padding__hover=&#8221;|||&#8221;][et_pb_blurb title=&#8221;Servicio de Atenci\u00f3n a la Movida&#8221; url_new_window=&#8221;on&#8221; icon_placement=&#8221;left&#8221; _builder_version=&#8221;4.16&#8243; header_font=&#8221;Poppins|700||on|||||&#8221; header_text_align=&#8221;center&#8221; header_font_size=&#8221;20px&#8221; header_line_height=&#8221;2em&#8221; body_font=&#8221;Open Sans||||||||&#8221; body_line_height=&#8221;1.8em&#8221; background_color=&#8221;#546180&#8243; background_layout=&#8221;dark&#8221; custom_margin=&#8221;|||&#8221; custom_margin_tablet=&#8221;|0px|30px|0px&#8221; custom_margin_phone=&#8221;&#8221; custom_margin_last_edited=&#8221;on|tablet&#8221; custom_padding=&#8221;40px|20px|40px|20px|true|true&#8221; animation_style=&#8221;fold&#8221; animation_direction=&#8221;right&#8221; animation_intensity_fold=&#8221;20%&#8221; animation=&#8221;off&#8221; box_shadow_style=&#8221;preset3&#8243; box_shadow_vertical=&#8221;40px&#8221; box_shadow_blur=&#8221;60px&#8221; box_shadow_spread=&#8221;-30px&#8221; box_shadow_color=&#8221;rgba(0,0,0,0.34)&#8221; locked=&#8221;off&#8221; global_colors_info=&#8221;{}&#8221;]<\/p>\n<p style=\"text-align: justify;\">Se pretende estar con este dispositivo en los espacios de consumo con un abanico de actividades informativas de reducci\u00f3n de da\u00f1os en el consumo de alcohol, drogas, uso del casco, sexo seguro, preservativo.<\/p>\n<p style=\"text-align: justify;\">Los puntos itinerantes han estado presentes en los eventos m\u00e1s importantes de la localidad, en feria, romer\u00eda, navidad, carnaval, conciertos, etc.<\/p>\n<p>[\/et_pb_blurb][\/et_pb_column][et_pb_column type=&#8221;1_4&#8243; _builder_version=&#8221;4.16&#8243; custom_padding=&#8221;|||&#8221; global_colors_info=&#8221;{}&#8221; custom_padding__hover=&#8221;|||&#8221;][et_pb_blurb title=&#8221;Asesor\u00eda Jur\u00eddica Joven&#8221; icon_placement=&#8221;left&#8221; _builder_version=&#8221;4.16&#8243; header_font=&#8221;Poppins|700||on|||||&#8221; header_text_align=&#8221;center&#8221; header_font_size=&#8221;20px&#8221; header_line_height=&#8221;2em&#8221; body_font=&#8221;Open Sans||||||||&#8221; body_line_height=&#8221;1.8em&#8221; background_color=&#8221;#546180&#8243; background_layout=&#8221;dark&#8221; custom_margin=&#8221;|||&#8221; custom_margin_tablet=&#8221;|0px|30px|0px&#8221; custom_margin_phone=&#8221;&#8221; custom_margin_last_edited=&#8221;on|tablet&#8221; custom_padding=&#8221;40px|20px|40px|20px|true|true&#8221; animation_style=&#8221;fold&#8221; animation_direction=&#8221;right&#8221; animation_intensity_fold=&#8221;20%&#8221; animation=&#8221;off&#8221; box_shadow_style=&#8221;preset3&#8243; box_shadow_vertical=&#8221;40px&#8221; box_shadow_blur=&#8221;60px&#8221; box_shadow_spread=&#8221;-30px&#8221; box_shadow_color=&#8221;rgba(0,0,0,0.34)&#8221; locked=&#8221;off&#8221; global_colors_info=&#8221;{}&#8221;]<\/p>\n<p style=\"text-align: center;\"><strong>dirigido a j\u00f3venes de 16 a 35 a\u00f1os<\/strong><\/p>\n<p style=\"text-align: justify;\">Un servicio p\u00fablico, prestado por una abogada que proporciona informaci\u00f3n, orientaci\u00f3n y asesoramiento jur\u00eddico personalizado, confidencial y gratuito, sobre temas de \u00e1mbito jur\u00eddico que pueda afectar a los j\u00f3venes.<\/p>\n<p>[\/et_pb_blurb][\/et_pb_column][et_pb_column type=&#8221;1_4&#8243; _builder_version=&#8221;4.16&#8243; custom_padding=&#8221;|||&#8221; global_colors_info=&#8221;{}&#8221; custom_padding__hover=&#8221;|||&#8221;][\/et_pb_column][et_pb_column type=&#8221;1_4&#8243; _builder_version=&#8221;4.16&#8243; custom_padding=&#8221;|||&#8221; global_colors_info=&#8221;{}&#8221; custom_padding__hover=&#8221;|||&#8221;][\/et_pb_column][\/et_pb_row][et_pb_row column_structure=&#8221;1_3,1_3,1_3&#8243; admin_label=&#8221;Row&#8221; _builder_version=&#8221;4.16&#8243; custom_padding=&#8221;70px|||&#8221; locked=&#8221;off&#8221; global_colors_info=&#8221;{}&#8221;][et_pb_column type=&#8221;1_3&#8243; _builder_version=&#8221;4.16&#8243; custom_padding=&#8221;|||&#8221; global_colors_info=&#8221;{}&#8221; custom_padding__hover=&#8221;|||&#8221;][\/et_pb_column][et_pb_column type=&#8221;1_3&#8243; _builder_version=&#8221;4.16&#8243; custom_padding=&#8221;|||&#8221; global_colors_info=&#8221;{}&#8221; custom_padding__hover=&#8221;|||&#8221;][\/et_pb_column][et_pb_column type=&#8221;1_3&#8243; _builder_version=&#8221;4.16&#8243; custom_padding=&#8221;|||&#8221; global_colors_info=&#8221;{}&#8221; custom_padding__hover=&#8221;|||&#8221;][\/et_pb_column][\/et_pb_row][\/et_pb_section][et_pb_section fb_built=&#8221;1&#8243; fullwidth=&#8221;on&#8221; admin_label=&#8221;Map&#8221; _builder_version=&#8221;4.16&#8243; custom_padding=&#8221;0px|0px|0px|0px&#8221; global_colors_info=&#8221;{}&#8221;][et_pb_fullwidth_map address=&#8221;Avenida Gerald Brenan, 20, 29120 Alhaur\u00edn el Grande, M\u00e1laga&#8221; address_lat=&#8221;36.643383291873&#8243; address_lng=&#8221;-4.683836979654&#8243; mouse_wheel=&#8221;off&#8221; mobile_dragging=&#8221;off&#8221; use_grayscale_filter=&#8221;on&#8221; grayscale_filter_amount=&#8221;80&#8243; _builder_version=&#8221;4.16&#8243; custom_margin=&#8221;|||&#8221; custom_padding=&#8221;|||&#8221; child_filter_saturate=&#8221;20%&#8221; global_colors_info=&#8221;{}&#8221;][et_pb_map_pin title=&#8221;Biblioteca Municipal&#8221; pin_address=&#8221;Calle Gerald Brenan, 20, 29120 Alhaur\u00edn el Grande, M\u00e1laga, Espa\u00f1a&#8221; zoom_level=&#8221;17&#8243; pin_address_lat=&#8221;36.6433333&#8243; pin_address_lng=&#8221;-4.6838028&#8243; _builder_version=&#8221;3.9&#8243; global_colors_info=&#8221;{}&#8221;][\/et_pb_map_pin][\/et_pb_fullwidth_map][\/et_pb_section][et_pb_section fb_built=&#8221;1&#8243; disabled_on=&#8221;on|on|on&#8221; admin_label=&#8221;Newsletter&#8221; _builder_version=&#8221;4.21.0&#8243; use_background_color_gradient=&#8221;on&#8221; background_color_gradient_stops=&#8221;rgba(43,135,218,0.19) 0%|#0c71c3 100%&#8221; background_color_gradient_start=&#8221;rgba(43,135,218,0.19)&#8221; background_color_gradient_end=&#8221;#0c71c3&#8243; background_blend=&#8221;color&#8221; custom_padding=&#8221;120px||120px|&#8221; disabled=&#8221;on&#8221; global_colors_info=&#8221;{}&#8221;][et_pb_row _builder_version=&#8221;4.16&#8243; custom_margin=&#8221;|||&#8221; global_colors_info=&#8221;{}&#8221;][et_pb_column type=&#8221;4_4&#8243; _builder_version=&#8221;4.16&#8243; custom_padding=&#8221;|||&#8221; global_colors_info=&#8221;{}&#8221; custom_padding__hover=&#8221;|||&#8221;][et_pb_text admin_label=&#8221;CTA Section Subtitle&#8221; _builder_version=&#8221;4.16&#8243; text_font=&#8221;Roboto|on||on|&#8221; text_text_color=&#8221;#0c71c3&#8243; text_font_size=&#8221;24px&#8221; text_letter_spacing=&#8221;4px&#8221; background_layout=&#8221;dark&#8221; module_alignment=&#8221;center&#8221; animation_style=&#8221;zoom&#8221; animation_intensity_zoom=&#8221;20%&#8221; global_colors_info=&#8221;{}&#8221;]Bolet\u00edn<br \/>\n[\/et_pb_text][et_pb_divider divider_position=&#8221;center&#8221; disabled_on=&#8221;on|on|off%22&#8243; _builder_version=&#8221;4.16&#8243; max_width=&#8221;150px&#8221; module_alignment=&#8221;left&#8221; height=&#8221;false&#8221; animation_style=&#8221;zoom&#8221; animation_delay=&#8221;200ms&#8221; animation_intensity_zoom=&#8221;20%&#8221; locked=&#8221;off&#8221; global_colors_info=&#8221;{}&#8221;][\/et_pb_divider][et_pb_signup mailchimp_list=&#8221;|null&#8221; name_field=&#8221;on&#8221; success_message=&#8221;\u00a1Has completado tu suscripci\u00f3n con \u00e9xito!&#8221; title=&#8221;Estar al d\u00eda&#8221; button_text=&#8221;Si, quiero recibir el bolet\u00edn&#8221; description=&#8221;Mantenerte al d\u00eda de lo que ocurre en el \u00e1mbito de la cultura y fiestas de tu pueblo es as\u00ed de f\u00e1cil. <strong>Suscr\u00edbete y recibe en tu buz\u00f3n de correo electr\u00f3nico<\/strong> todas nuestras noticias relativas a la cultura: exposiciones, charlas, conferencias&#8230;; as\u00ed como fiestas y otras actividades. <strong>Suscr\u00edbete y participa<\/strong>.<br \/>\n&#8221; _builder_version=&#8221;4.16&#8243; form_field_background_color=&#8221;rgba(0,106,193,0.06)&#8221; header_font=&#8221;Francois One|700||on|||||&#8221; header_text_color=&#8221;#0c71c3&#8243; header_font_size=&#8221;60px&#8221; body_font=&#8221;Montserrat||||||||&#8221; body_text_color=&#8221;#f4f4f4&#8243; body_font_size=&#8221;20px&#8221; body_line_height=&#8221;1.8em&#8221; result_message_text_color=&#8221;#ffffff&#8221; use_background_color=&#8221;off&#8221; custom_button=&#8221;on&#8221; button_text_color=&#8221;#f4f4f4&#8243; button_bg_color=&#8221;rgba(237,68,65,0)&#8221; button_border_color=&#8221;#f4f4f4&#8243; button_border_radius=&#8221;0px&#8221; button_letter_spacing=&#8221;1px&#8221; button_font=&#8221;Montserrat|500||on|||||&#8221; button_use_icon=&#8221;off&#8221; animation_style=&#8221;fold&#8221; animation_direction=&#8221;top&#8221; animation_delay=&#8221;200ms&#8221; header_font_size_tablet=&#8221;&#8221; header_font_size_phone=&#8221;40px&#8221; header_font_size_last_edited=&#8221;on|phone&#8221; result_message_font_size_tablet=&#8221;51&#8243; result_message_line_height_tablet=&#8221;2&#8243; header_text_shadow_style=&#8221;preset1&#8243; header_text_shadow_horizontal_length=&#8221;0.01em&#8221; header_text_shadow_color=&#8221;rgba(255,255,255,0.4)&#8221; border_style_all_fields_focus=&#8221;off&#8221; box_shadow_style_fields=&#8221;preset1&#8243; box_shadow_horizontal_fields=&#8221;1px&#8221; box_shadow_vertical_fields=&#8221;1px&#8221; box_shadow_style_button=&#8221;preset1&#8243; box_shadow_horizontal_button=&#8221;2px&#8221; box_shadow_blur_button=&#8221;20px&#8221; box_shadow_color_button=&#8221;rgba(12,113,195,0.26)&#8221; button_border_color_hover=&#8221;#f4f4f4&#8243; button_border_radius_hover=&#8221;0px&#8221; button_letter_spacing_hover=&#8221;4px&#8221; button_bg_color_hover=&#8221;rgba(0,0,0,0)&#8221; locked=&#8221;off&#8221; global_colors_info=&#8221;{}&#8221; button_text_size__hover_enabled=&#8221;off&#8221; button_one_text_size__hover_enabled=&#8221;off&#8221; button_two_text_size__hover_enabled=&#8221;off&#8221; button_text_color__hover_enabled=&#8221;off&#8221; button_one_text_color__hover_enabled=&#8221;off&#8221; button_two_text_color__hover_enabled=&#8221;off&#8221; button_border_width__hover_enabled=&#8221;off&#8221; button_one_border_width__hover_enabled=&#8221;off&#8221; button_two_border_width__hover_enabled=&#8221;off&#8221; button_border_color__hover_enabled=&#8221;on&#8221; button_border_color__hover=&#8221;#f4f4f4&#8243; button_one_border_color__hover_enabled=&#8221;off&#8221; button_two_border_color__hover_enabled=&#8221;off&#8221; button_border_radius__hover_enabled=&#8221;on&#8221; button_border_radius__hover=&#8221;0px&#8221; button_one_border_radius__hover_enabled=&#8221;off&#8221; button_two_border_radius__hover_enabled=&#8221;off&#8221; button_letter_spacing__hover_enabled=&#8221;on&#8221; button_letter_spacing__hover=&#8221;4px&#8221; button_one_letter_spacing__hover_enabled=&#8221;off&#8221; button_two_letter_spacing__hover_enabled=&#8221;off&#8221; button_bg_color__hover_enabled=&#8221;on&#8221; button_bg_color__hover=&#8221;rgba(0,0,0,0)&#8221; button_one_bg_color__hover_enabled=&#8221;off&#8221; button_two_bg_color__hover_enabled=&#8221;off&#8221;]Mantenerte al d\u00eda de lo que ocurre en el \u00e1mbito de la cultura y fiestas de tu pueblo es as\u00ed de f\u00e1cil. <strong>Suscr\u00edbete y recibe en tu buz\u00f3n de correo electr\u00f3nico<\/strong> todas nuestras noticias relativas a la cultura: exposiciones, charlas, conferencias&#8230;; as\u00ed como fiestas y otras actividades. <strong>Suscr\u00edbete y participa<\/strong>.<br \/>\n[\/et_pb_signup][\/et_pb_column][\/et_pb_row][\/et_pb_section]<\/p>\n","protected":false},"excerpt":{"rendered":"<p>JuventudConcejal\u00eda de Juventud del Ayuntamiento de Alhaur\u00edn el GrandeDesde la Concejal\u00eda de Juventud del Ayuntamiento de Alhaur\u00edn el Grande y desde su Centro de Informaci\u00f3n Juvenil situado en el edificio de la Biblioteca Municipal se lleva cabo una amplia oferta formativa y de ocio , distintos programas que completan a\u00fan m\u00e1s el amplio abanico de [&hellip;]<\/p>\n","protected":false},"author":4,"featured_media":0,"parent":0,"menu_order":0,"comment_status":"closed","ping_status":"closed","template":"","meta":{"_et_pb_use_builder":"on","_et_pb_old_content":"","_et_gb_content_width":"","footnotes":""},"_links":{"self":[{"href":"https:\/\/alhaurinelgrande.es\/cultura\/wp-json\/wp\/v2\/pages\/213506"}],"collection":[{"href":"https:\/\/alhaurinelgrande.es\/cultura\/wp-json\/wp\/v2\/pages"}],"about":[{"href":"https:\/\/alhaurinelgrande.es\/cultura\/wp-json\/wp\/v2\/types\/page"}],"author":[{"embeddable":true,"href":"https:\/\/alhaurinelgrande.es\/cultura\/wp-json\/wp\/v2\/users\/4"}],"replies":[{"embeddable":true,"href":"https:\/\/alhaurinelgrande.es\/cultura\/wp-json\/wp\/v2\/comments?post=213506"}],"version-history":[{"count":21,"href":"https:\/\/alhaurinelgrande.es\/cultura\/wp-json\/wp\/v2\/pages\/213506\/revisions"}],"predecessor-version":[{"id":215327,"href":"https:\/\/alhaurinelgrande.es\/cultura\/wp-json\/wp\/v2\/pages\/213506\/revisions\/215327"}],"wp:attachment":[{"href":"https:\/\/alhaurinelgrande.es\/cultura\/wp-json\/wp\/v2\/media?parent=213506"}],"curies":[{"name":"wp","href":"https:\/\/api.w.org\/{rel}","templated":true}]}}