{"id":1349,"date":"2017-11-22T11:46:52","date_gmt":"2017-11-22T10:46:52","guid":{"rendered":"http:\/\/cultura.pepemontoro.es\/?page_id=1349"},"modified":"2023-05-29T13:13:52","modified_gmt":"2023-05-29T11:13:52","slug":"prestamos-online","status":"publish","type":"page","link":"https:\/\/alhaurinelgrande.es\/cultura\/biblioteca-general\/prestamos-online\/","title":{"rendered":"E-Biblio &#8211; Prestamos Online"},"content":{"rendered":"<p>[et_pb_section fb_built=&#8221;1&#8243; custom_padding_last_edited=&#8221;on|tablet&#8221; admin_label=&#8221;Contact Form&#8221; _builder_version=&#8221;4.16&#8243; use_background_color_gradient=&#8221;on&#8221; background_color_gradient_stops=&#8221;rgba(43,135,218,0) 0%|rgba(43,135,218,0.03) 100%&#8221; background_color_gradient_start=&#8221;rgba(43,135,218,0)&#8221; background_color_gradient_end=&#8221;rgba(43,135,218,0.03)&#8221; custom_padding=&#8221;110px||20px|&#8221; custom_padding_tablet=&#8221;60px|||&#8221; custom_padding_phone=&#8221;&#8221; global_colors_info=&#8221;{}&#8221;][et_pb_row use_custom_gutter=&#8221;on&#8221; gutter_width=&#8221;2&#8243; make_equal=&#8221;on&#8221; _builder_version=&#8221;4.16&#8243; background_size=&#8221;initial&#8221; background_position=&#8221;top_left&#8221; background_repeat=&#8221;repeat&#8221; max_width=&#8221;1180px&#8221; use_custom_width=&#8221;on&#8221; custom_width_px=&#8221;1180px&#8221; global_colors_info=&#8221;{}&#8221; column_structure=&#8221;1_2,1_2&#8243;][et_pb_column type=&#8221;1_2&#8243; _builder_version=&#8221;4.16&#8243; custom_padding=&#8221;|||&#8221; global_colors_info=&#8221;{}&#8221; custom_padding__hover=&#8221;|||&#8221;][et_pb_text admin_label=&#8221;Contact Title&#8221; _builder_version=&#8221;4.16&#8243; text_font=&#8221;||||&#8221; text_text_color=&#8221;#1a1a1a&#8221; header_font=&#8221;Oswald|on||on|&#8221; header_text_align=&#8221;left&#8221; header_font_size=&#8221;60px&#8221; header_line_height=&#8221;1.3em&#8221; background_size=&#8221;initial&#8221; background_position=&#8221;top_left&#8221; background_repeat=&#8221;repeat&#8221; max_width=&#8221;450px&#8221; custom_margin=&#8221;|||&#8221; custom_padding=&#8221;|||&#8221; animation_style=&#8221;slide&#8221; animation_direction=&#8221;top&#8221; animation_intensity_slide=&#8221;10%&#8221; locked=&#8221;off&#8221; global_colors_info=&#8221;{}&#8221;]<\/p>\n<h1 class=\"entry-title\">e-Biblio, pr\u00e9stamos Online<\/h1>\n<p>[\/et_pb_text][et_pb_divider divider_position=&#8221;center&#8221; disabled_on=&#8221;off|off|off%22&#8243; admin_label=&#8221;Divider&#8221; _builder_version=&#8221;4.16&#8243; max_width=&#8221;150px&#8221; height=&#8221;false&#8221; custom_margin=&#8221;30px|||&#8221; animation_style=&#8221;slide&#8221; animation_direction=&#8221;top&#8221; animation_delay=&#8221;100ms&#8221; animation_intensity_slide=&#8221;10%&#8221; locked=&#8221;off&#8221; global_colors_info=&#8221;{}&#8221;][\/et_pb_divider][et_pb_text admin_label=&#8221;Contact Subtitle&#8221; _builder_version=&#8221;4.16&#8243; text_font=&#8221;Roboto||||&#8221; text_text_color=&#8221;#1a1a1a&#8221; text_font_size=&#8221;24px&#8221; text_line_height=&#8221;1.4em&#8221; background_size=&#8221;initial&#8221; background_position=&#8221;top_left&#8221; background_repeat=&#8221;repeat&#8221; max_width=&#8221;450px&#8221; custom_padding=&#8221;30px|||&#8221; animation_style=&#8221;slide&#8221; animation_direction=&#8221;top&#8221; animation_delay=&#8221;200ms&#8221; animation_intensity_slide=&#8221;10%&#8221; locked=&#8221;off&#8221; global_colors_info=&#8221;{}&#8221;]<\/p>\n<p align=\"justify\"><strong><a href=\"https:\/\/href.li\/?http:\/\/andalucia.ebiblio.es\/opac\/#indice\" rel=\"noreferrer\">eBiblio<\/a>\u00a0<\/strong><span>es una plataforma gratuita online de pr\u00e9stamos de libros electr\u00f3nicos dirigidos a los usuarios de las bibliotecas p\u00fablicas.<\/span><\/p>\n<ul><\/ul>\n<p>[\/et_pb_text][et_pb_text admin_label=&#8221;Contact Text&#8221; _builder_version=&#8221;4.16&#8243; text_font=&#8221;Roboto||||&#8221; text_line_height=&#8221;1.9em&#8221; background_size=&#8221;initial&#8221; background_position=&#8221;top_left&#8221; background_repeat=&#8221;repeat&#8221; max_width=&#8221;450px&#8221; custom_margin=&#8221;60|||&#8221; custom_padding=&#8221;||60px|&#8221; animation_style=&#8221;slide&#8221; animation_direction=&#8221;top&#8221; animation_delay=&#8221;400ms&#8221; animation_intensity_slide=&#8221;4%&#8221; locked=&#8221;off&#8221; global_colors_info=&#8221;{}&#8221;]<\/p>\n<p style=\"text-align: justify;\"><strong>La plataforma tiene un cat\u00e1logo de\u00a01.500 libros electr\u00f3nicos\u00a0y\u00a0200.000 licencias\u00a0de los t\u00edtulos ofertados, lo que, a una media de 28 usos, hace posible 5.6 millones de lecturas.<\/strong><\/p>\n<p style=\"text-align: justify;\"><span>Se trata de un servicio financiado por el Ministerio de Educaci\u00f3n, Cultura y Deporte, que es gestionado por las Comunidades Aut\u00f3nomas, las cuales podr\u00e1n realizar, a su vez, aportaciones propias para completar el fondo inicial adquirido por el Estado.<\/span><\/p>\n<p>[\/et_pb_text][\/et_pb_column][et_pb_column type=&#8221;1_2&#8243; _builder_version=&#8221;4.16&#8243; custom_padding=&#8221;|||&#8221; global_colors_info=&#8221;{}&#8221; custom_padding__hover=&#8221;|||&#8221;][et_pb_image src=&#8221;https:\/\/alhaurinelgrande.es\/cultura\/wp-content\/uploads\/2017\/12\/EBIBILIO1.jpg&#8221; align_tablet=&#8221;center&#8221; align_last_edited=&#8221;on|desktop&#8221; _builder_version=&#8221;4.16&#8243; animation_style=&#8221;zoom&#8221; animation_direction=&#8221;bottom&#8221; box_shadow_style=&#8221;preset1&#8243; box_shadow_horizontal=&#8221;2px&#8221; box_shadow_blur=&#8221;22px&#8221; global_colors_info=&#8221;{}&#8221; align_phone=&#8221;center&#8221;][\/et_pb_image][\/et_pb_column][\/et_pb_row][\/et_pb_section][et_pb_section fb_built=&#8221;1&#8243; admin_label=&#8221;Contact Info&#8221; _builder_version=&#8221;4.16&#8243; use_background_color_gradient=&#8221;on&#8221; background_color_gradient_stops=&#8221;rgba(43,135,218,0.03) 0%|rgba(43,135,218,0.19) 100%&#8221; background_color_gradient_start=&#8221;rgba(43,135,218,0.03)&#8221; background_color_gradient_end=&#8221;rgba(43,135,218,0.19)&#8221; custom_padding=&#8221;20px||30px|&#8221; locked=&#8221;off&#8221; global_colors_info=&#8221;{}&#8221;][et_pb_row _builder_version=&#8221;4.16&#8243; background_size=&#8221;initial&#8221; background_position=&#8221;top_left&#8221; background_repeat=&#8221;repeat&#8221; global_colors_info=&#8221;{}&#8221; column_structure=&#8221;1_2,1_2&#8243;][et_pb_column type=&#8221;1_2&#8243; _builder_version=&#8221;4.16&#8243; custom_padding=&#8221;|||&#8221; global_colors_info=&#8221;{}&#8221; custom_padding__hover=&#8221;|||&#8221;][et_pb_text admin_label=&#8221;Title&#8221; _builder_version=&#8221;4.16&#8243; text_font=&#8221;||||&#8221; text_text_color=&#8221;#1a1a1a&#8221; header_font=&#8221;Oswald|on||on|&#8221; header_text_align=&#8221;left&#8221; header_font_size=&#8221;60px&#8221; header_line_height=&#8221;1.3em&#8221; background_size=&#8221;initial&#8221; background_position=&#8221;top_left&#8221; background_repeat=&#8221;repeat&#8221; max_width=&#8221;450px&#8221; custom_margin=&#8221;|||&#8221; custom_padding=&#8221;|||&#8221; animation_style=&#8221;slide&#8221; animation_direction=&#8221;top&#8221; animation_intensity_slide=&#8221;10%&#8221; header_font_size_tablet=&#8221;40px&#8221; header_font_size_phone=&#8221;40px&#8221; header_font_size_last_edited=&#8221;on|tablet&#8221; locked=&#8221;off&#8221; global_colors_info=&#8221;{}&#8221;]<\/p>\n<h1><span>funcionamiento<\/span><\/h1>\n<p>[\/et_pb_text][et_pb_divider divider_position=&#8221;center&#8221; disabled_on=&#8221;off|off|off%22&#8243; _builder_version=&#8221;4.16&#8243; max_width=&#8221;150px&#8221; height=&#8221;false&#8221; custom_margin=&#8221;30px|||&#8221; animation_style=&#8221;slide&#8221; animation_direction=&#8221;top&#8221; animation_delay=&#8221;100ms&#8221; animation_intensity_slide=&#8221;10%&#8221; locked=&#8221;off&#8221; global_colors_info=&#8221;{}&#8221;][\/et_pb_divider][et_pb_text admin_label=&#8221;Sub Title&#8221; _builder_version=&#8221;4.16&#8243; text_font=&#8221;Roboto||||&#8221; text_text_color=&#8221;#1a1a1a&#8221; text_font_size=&#8221;24px&#8221; text_line_height=&#8221;1.4em&#8221; background_size=&#8221;initial&#8221; background_position=&#8221;top_left&#8221; background_repeat=&#8221;repeat&#8221; max_width=&#8221;450px&#8221; custom_padding=&#8221;30px|||&#8221; animation_style=&#8221;slide&#8221; animation_direction=&#8221;top&#8221; animation_delay=&#8221;200ms&#8221; animation_intensity_slide=&#8221;10%&#8221; locked=&#8221;off&#8221; global_colors_info=&#8221;{}&#8221;]<\/p>\n<p><span>En la p\u00e1gina web\u00a0<\/span><em><a href=\"https:\/\/href.li\/?http:\/\/andalucia.ebiblio.es\/\" rel=\"nofollow noreferrer\">http:\/\/andalucia.ebiblio.es\/<\/a><\/em><span>\u00a0se muestra el funcionamiento de la plataforma, el cat\u00e1logo y las tem\u00e1ticas; y se pueden realizar b\u00fasquedas por t\u00edtulo, autor o materia.<\/span><\/p>\n<p>[\/et_pb_text][\/et_pb_column][et_pb_column type=&#8221;1_2&#8243; _builder_version=&#8221;4.16&#8243; custom_padding=&#8221;|||&#8221; global_colors_info=&#8221;{}&#8221; custom_padding__hover=&#8221;|||&#8221;][et_pb_text _builder_version=&#8221;4.16&#8243; text_font=&#8221;Roboto||||&#8221; text_line_height=&#8221;1.9em&#8221; background_size=&#8221;initial&#8221; background_position=&#8221;top_left&#8221; background_repeat=&#8221;repeat&#8221; max_width=&#8221;450px&#8221; custom_margin=&#8221;|||&#8221; custom_padding=&#8221;|||&#8221; animation_style=&#8221;slide&#8221; animation_direction=&#8221;top&#8221; animation_delay=&#8221;400ms&#8221; animation_intensity_slide=&#8221;4%&#8221; locked=&#8221;off&#8221; global_colors_info=&#8221;{}&#8221;]<\/p>\n<p style=\"text-align: justify;\">El cat\u00e1logo de esta gran biblioteca electr\u00f3nica est\u00e1 formado, entre otros, por<span>\u00a0<\/span><strong>500<\/strong><span>\u00a0<\/span>obras de ficci\u00f3n<span>\u00a0<\/span><span>para adultos<\/span>,<span>\u00a0<\/span><strong>200<\/strong><span>\u00a0<\/span>de ficci\u00f3n y<span>\u00a0<\/span><strong>150<\/strong><span>\u00a0<\/span>de no ficci\u00f3n<span>\u00a0<\/span><span>para el p\u00fablico infantil y juvenil<\/span>;<span>\u00a0<\/span><strong>50<\/strong><span>\u00a0<\/span>de ciencia y tecnolog\u00eda;<span>\u00a0<\/span><strong>100<\/strong><span>\u00a0<\/span>de ciencias sociales y humanidades;<span>\u00a0<\/span><strong>250<\/strong><span>\u00a0<\/span>de salud, desarrollo personal, ocio, deporte e inform\u00e1tica;<span>\u00a0<\/span><strong>140<\/strong><span>\u00a0<\/span>de idiomas; y<span>\u00a0<\/span><strong>50<\/strong><span>\u00a0<\/span>audio-libros.<\/p>\n<p style=\"text-align: justify;\">Los \u00fanicos requisitos para los usuarios es tener el carnet de cualquiera de las bibliotecas p\u00fablicas, un dispositivo de lectura compatible y conexi\u00f3n a Internet. \u00a0El acceso a los contenidos se realiza mediante descarga de los ficheros en los diferentes dispositivos o por<span>\u00a0<\/span><em>streaming<\/em><span>\u00a0<\/span>( lectura online ), en cuyo caso habr\u00e1 que descargarse la aplicaci\u00f3n gratuita<span>\u00a0<\/span><strong>ebiblio<\/strong><span>\u00a0<\/span>disponible en las tiendas de Google y Apple. Previamente el usuario ha debido obtener de una biblioteca p\u00fablica su n\u00famero de lector y\/o correo electr\u00f3nico y una contrase\u00f1a.<\/p>\n<p>[\/et_pb_text][\/et_pb_column][\/et_pb_row][et_pb_row _builder_version=&#8221;4.16&#8243; global_colors_info=&#8221;{}&#8221;][et_pb_column type=&#8221;4_4&#8243; _builder_version=&#8221;4.16&#8243; custom_padding=&#8221;|||&#8221; global_colors_info=&#8221;{}&#8221; custom_padding__hover=&#8221;|||&#8221;][et_pb_text _builder_version=&#8221;4.16&#8243; text_font=&#8221;Roboto||||&#8221; text_line_height=&#8221;1.9em&#8221; background_size=&#8221;initial&#8221; background_position=&#8221;top_left&#8221; background_repeat=&#8221;repeat&#8221; max_width=&#8221;450px&#8221; custom_margin=&#8221;|||&#8221; custom_padding=&#8221;|||&#8221; animation_style=&#8221;slide&#8221; animation_direction=&#8221;top&#8221; animation_delay=&#8221;400ms&#8221; animation_intensity_slide=&#8221;4%&#8221; locked=&#8221;off&#8221; global_colors_info=&#8221;{}&#8221;]<\/p>\n<p style=\"text-align: justify;\">El cat\u00e1logo de esta gran biblioteca electr\u00f3nica est\u00e1 formado, entre otros, por<span>\u00a0<\/span><strong>500<\/strong><span>\u00a0<\/span>obras de ficci\u00f3n<span>\u00a0<\/span><span>para adultos<\/span>,<span>\u00a0<\/span><strong>200<\/strong><span>\u00a0<\/span>de ficci\u00f3n y<span>\u00a0<\/span><strong>150<\/strong><span>\u00a0<\/span>de no ficci\u00f3n<span>\u00a0<\/span><span>para el p\u00fablico infantil y juvenil<\/span>;<span>\u00a0<\/span><strong>50<\/strong><span>\u00a0<\/span>de ciencia y tecnolog\u00eda;<span>\u00a0<\/span><strong>100<\/strong><span>\u00a0<\/span>de ciencias sociales y humanidades;<span>\u00a0<\/span><strong>250<\/strong><span>\u00a0<\/span>de salud, desarrollo personal, ocio, deporte e inform\u00e1tica;<span>\u00a0<\/span><strong>140<\/strong><span>\u00a0<\/span>de idiomas; y<span>\u00a0<\/span><strong>50<\/strong><span>\u00a0<\/span>audio-libros.<\/p>\n<p style=\"text-align: justify;\">Los \u00fanicos requisitos para los usuarios es tener el carnet de cualquiera de las bibliotecas p\u00fablicas, un dispositivo de lectura compatible y conexi\u00f3n a Internet. \u00a0El acceso a los contenidos se realiza mediante descarga de los ficheros en los diferentes dispositivos o por<span>\u00a0<\/span><em>streaming<\/em><span>\u00a0<\/span>( lectura online ), en cuyo caso habr\u00e1 que descargarse la aplicaci\u00f3n gratuita<span>\u00a0<\/span><strong>ebiblio<\/strong><span>\u00a0<\/span>disponible en las tiendas de Google y Apple. Previamente el usuario ha debido obtener de una biblioteca p\u00fablica su n\u00famero de lector y\/o correo electr\u00f3nico y una contrase\u00f1a.<\/p>\n<p style=\"text-align: justify;\">\n<p style=\"text-align: justify;\">\n<p>[\/et_pb_text][et_pb_video src=&#8221;https:\/\/www.youtube.com\/watch?v=uzeo0SUrgOI&#8221; _builder_version=&#8221;4.16&#8243; global_colors_info=&#8221;{}&#8221;][\/et_pb_video][et_pb_text _builder_version=&#8221;4.16&#8243; text_font=&#8221;|||on|||||&#8221; text_font_size=&#8221;20px&#8221; global_colors_info=&#8221;{}&#8221;]<\/p>\n<p style=\"text-align: center;\"><span><\/span><\/p>\n<p style=\"text-align: center;\"><span><\/span><\/p>\n<p style=\"text-align: center;\"><span><\/span><\/p>\n<p style=\"text-align: center;\"><span>En la p\u00e1gina web\u00a0<\/span><em><a href=\"https:\/\/href.li\/?http:\/\/andalucia.ebiblio.es\/\" rel=\"nofollow noreferrer\">http:\/\/andalucia.ebiblio.es\/<\/a><\/em><span>\u00a0se muestra el funcionamiento de la plataforma, el cat\u00e1logo y las tem\u00e1ticas; y se pueden realizar b\u00fasquedas por t\u00edtulo, autor o materia.<\/span><\/p>\n<p>[\/et_pb_text][et_pb_image src=&#8221;https:\/\/alhaurinelgrande.es\/cultura\/wp-content\/uploads\/2017\/12\/ebiblio-e1502452239953.png&#8221; url=&#8221;https:\/\/href.li\/?http:\/\/andalucia.ebiblio.es\/opac\/#indice&#8221; url_new_window=&#8221;on&#8221; align=&#8221;center&#8221; align_tablet=&#8221;center&#8221; align_last_edited=&#8221;on|desktop&#8221; _builder_version=&#8221;4.16&#8243; custom_margin=&#8221;||||true&#8221; custom_padding=&#8221;50px||50px||true&#8221; border_radii=&#8221;on|10px|10px|10px|10px&#8221; box_shadow_style=&#8221;preset1&#8243; box_shadow_horizontal=&#8221;2px&#8221; box_shadow_blur=&#8221;30px&#8221; box_shadow_spread=&#8221;4px&#8221; global_colors_info=&#8221;{}&#8221; align_phone=&#8221;center&#8221;][\/et_pb_image][\/et_pb_column][\/et_pb_row][\/et_pb_section][et_pb_section fb_built=&#8221;1&#8243; admin_label=&#8221;Newsletter&#8221; _builder_version=&#8221;4.21.0&#8243; use_background_color_gradient=&#8221;on&#8221; background_color_gradient_stops=&#8221;rgba(43,135,218,0.19) 0%|#0c71c3 100%&#8221; background_color_gradient_start=&#8221;rgba(43,135,218,0.19)&#8221; background_color_gradient_end=&#8221;#0c71c3&#8243; background_blend=&#8221;color&#8221; custom_padding=&#8221;20px||120px|&#8221; hover_enabled=&#8221;0&#8243; global_colors_info=&#8221;{}&#8221; disabled_on=&#8221;on|on|on&#8221; disabled=&#8221;on&#8221; sticky_enabled=&#8221;0&#8243;][et_pb_row _builder_version=&#8221;4.16&#8243; custom_margin=&#8221;|||&#8221; global_colors_info=&#8221;{}&#8221;][et_pb_column type=&#8221;4_4&#8243; _builder_version=&#8221;4.16&#8243; custom_padding=&#8221;|||&#8221; global_colors_info=&#8221;{}&#8221; custom_padding__hover=&#8221;|||&#8221;][et_pb_text admin_label=&#8221;CTA Section Subtitle&#8221; _builder_version=&#8221;4.16&#8243; text_font=&#8221;Roboto|on||on|&#8221; text_text_color=&#8221;#0c71c3&#8243; text_font_size=&#8221;24px&#8221; text_letter_spacing=&#8221;4px&#8221; background_layout=&#8221;dark&#8221; module_alignment=&#8221;center&#8221; animation_style=&#8221;zoom&#8221; animation_intensity_zoom=&#8221;20%&#8221; global_colors_info=&#8221;{}&#8221;]Bolet\u00edn<br \/>\n[\/et_pb_text][et_pb_divider divider_position=&#8221;center&#8221; disabled_on=&#8221;on|on|off%22&#8243; _builder_version=&#8221;4.16&#8243; max_width=&#8221;150px&#8221; module_alignment=&#8221;left&#8221; height=&#8221;false&#8221; animation_style=&#8221;zoom&#8221; animation_delay=&#8221;200ms&#8221; animation_intensity_zoom=&#8221;20%&#8221; locked=&#8221;off&#8221; global_colors_info=&#8221;{}&#8221;][\/et_pb_divider][et_pb_signup mailchimp_list=&#8221;|null&#8221; name_field=&#8221;on&#8221; success_message=&#8221;\u00a1Has completado tu suscripci\u00f3n con \u00e9xito!&#8221; title=&#8221;Estar al d\u00eda&#8221; button_text=&#8221;Si, quiero recibir el bolet\u00edn&#8221; description=&#8221;Mantenerte al d\u00eda de lo que ocurre en el \u00e1mbito de la cultura y fiestas de tu pueblo es as\u00ed de f\u00e1cil. <strong>Suscr\u00edbete y recibe en tu buz\u00f3n de correo electr\u00f3nico<\/strong> todas nuestras noticias relativas a la cultura: exposiciones, charlas, conferencias&#8230;; as\u00ed como fiestas y otras actividades. <strong>Suscr\u00edbete y participa<\/strong>.<br \/>\n&#8221; _builder_version=&#8221;4.16&#8243; form_field_background_color=&#8221;rgba(0,106,193,0.06)&#8221; header_font=&#8221;Francois One|700||on|||||&#8221; header_text_color=&#8221;#0c71c3&#8243; header_font_size=&#8221;60px&#8221; body_font=&#8221;Montserrat||||||||&#8221; body_text_color=&#8221;#f4f4f4&#8243; body_font_size=&#8221;20px&#8221; body_line_height=&#8221;1.8em&#8221; result_message_text_color=&#8221;#ffffff&#8221; use_background_color=&#8221;off&#8221; custom_button=&#8221;on&#8221; button_text_color=&#8221;#f4f4f4&#8243; button_bg_color=&#8221;rgba(237,68,65,0)&#8221; button_border_color=&#8221;#f4f4f4&#8243; button_border_radius=&#8221;0px&#8221; button_letter_spacing=&#8221;1px&#8221; button_font=&#8221;Montserrat|500||on|||||&#8221; button_use_icon=&#8221;off&#8221; animation_style=&#8221;fold&#8221; animation_direction=&#8221;top&#8221; animation_delay=&#8221;200ms&#8221; header_font_size_tablet=&#8221;&#8221; header_font_size_phone=&#8221;40px&#8221; header_font_size_last_edited=&#8221;on|phone&#8221; result_message_font_size_tablet=&#8221;51&#8243; result_message_line_height_tablet=&#8221;2&#8243; header_text_shadow_style=&#8221;preset1&#8243; header_text_shadow_horizontal_length=&#8221;0.01em&#8221; header_text_shadow_color=&#8221;rgba(255,255,255,0.4)&#8221; border_style_all_fields_focus=&#8221;off&#8221; box_shadow_style_fields=&#8221;preset1&#8243; box_shadow_horizontal_fields=&#8221;1px&#8221; box_shadow_vertical_fields=&#8221;1px&#8221; box_shadow_style_button=&#8221;preset1&#8243; box_shadow_horizontal_button=&#8221;2px&#8221; box_shadow_blur_button=&#8221;20px&#8221; box_shadow_color_button=&#8221;rgba(12,113,195,0.26)&#8221; button_border_color_hover=&#8221;#f4f4f4&#8243; button_border_radius_hover=&#8221;0px&#8221; button_letter_spacing_hover=&#8221;4px&#8221; button_bg_color_hover=&#8221;rgba(0,0,0,0)&#8221; locked=&#8221;off&#8221; global_colors_info=&#8221;{}&#8221; button_text_size__hover_enabled=&#8221;off&#8221; button_one_text_size__hover_enabled=&#8221;off&#8221; button_two_text_size__hover_enabled=&#8221;off&#8221; button_text_color__hover_enabled=&#8221;off&#8221; button_one_text_color__hover_enabled=&#8221;off&#8221; button_two_text_color__hover_enabled=&#8221;off&#8221; button_border_width__hover_enabled=&#8221;off&#8221; button_one_border_width__hover_enabled=&#8221;off&#8221; button_two_border_width__hover_enabled=&#8221;off&#8221; button_border_color__hover_enabled=&#8221;on&#8221; button_border_color__hover=&#8221;#f4f4f4&#8243; button_one_border_color__hover_enabled=&#8221;off&#8221; button_two_border_color__hover_enabled=&#8221;off&#8221; button_border_radius__hover_enabled=&#8221;on&#8221; button_border_radius__hover=&#8221;0px&#8221; button_one_border_radius__hover_enabled=&#8221;off&#8221; button_two_border_radius__hover_enabled=&#8221;off&#8221; button_letter_spacing__hover_enabled=&#8221;on&#8221; button_letter_spacing__hover=&#8221;4px&#8221; button_one_letter_spacing__hover_enabled=&#8221;off&#8221; button_two_letter_spacing__hover_enabled=&#8221;off&#8221; button_bg_color__hover_enabled=&#8221;on&#8221; button_bg_color__hover=&#8221;rgba(0,0,0,0)&#8221; button_one_bg_color__hover_enabled=&#8221;off&#8221; button_two_bg_color__hover_enabled=&#8221;off&#8221;]Mantenerte al d\u00eda de lo que ocurre en el \u00e1mbito de la cultura y fiestas de tu pueblo es as\u00ed de f\u00e1cil. <strong>Suscr\u00edbete y recibe en tu buz\u00f3n de correo electr\u00f3nico<\/strong> todas nuestras noticias relativas a la cultura: exposiciones, charlas, conferencias&#8230;; as\u00ed como fiestas y otras actividades. <strong>Suscr\u00edbete y participa<\/strong>.<br \/>\n[\/et_pb_signup][\/et_pb_column][\/et_pb_row][\/et_pb_section]<\/p>\n","protected":false},"excerpt":{"rendered":"<p>e-Biblio, pr\u00e9stamos OnlineeBiblio\u00a0es una plataforma gratuita online de pr\u00e9stamos de libros electr\u00f3nicos dirigidos a los usuarios de las bibliotecas p\u00fablicas. La plataforma tiene un cat\u00e1logo de\u00a01.500 libros electr\u00f3nicos\u00a0y\u00a0200.000 licencias\u00a0de los t\u00edtulos ofertados, lo que, a una media de 28 usos, hace posible 5.6 millones de lecturas. Se trata de un servicio financiado por el Ministerio [&hellip;]<\/p>\n","protected":false},"author":1,"featured_media":0,"parent":1335,"menu_order":0,"comment_status":"closed","ping_status":"closed","template":"","meta":{"_et_pb_use_builder":"on","_et_pb_old_content":"","_et_gb_content_width":"","footnotes":""},"_links":{"self":[{"href":"https:\/\/alhaurinelgrande.es\/cultura\/wp-json\/wp\/v2\/pages\/1349"}],"collection":[{"href":"https:\/\/alhaurinelgrande.es\/cultura\/wp-json\/wp\/v2\/pages"}],"about":[{"href":"https:\/\/alhaurinelgrande.es\/cultura\/wp-json\/wp\/v2\/types\/page"}],"author":[{"embeddable":true,"href":"https:\/\/alhaurinelgrande.es\/cultura\/wp-json\/wp\/v2\/users\/1"}],"replies":[{"embeddable":true,"href":"https:\/\/alhaurinelgrande.es\/cultura\/wp-json\/wp\/v2\/comments?post=1349"}],"version-history":[{"count":8,"href":"https:\/\/alhaurinelgrande.es\/cultura\/wp-json\/wp\/v2\/pages\/1349\/revisions"}],"predecessor-version":[{"id":215171,"href":"https:\/\/alhaurinelgrande.es\/cultura\/wp-json\/wp\/v2\/pages\/1349\/revisions\/215171"}],"up":[{"embeddable":true,"href":"https:\/\/alhaurinelgrande.es\/cultura\/wp-json\/wp\/v2\/pages\/1335"}],"wp:attachment":[{"href":"https:\/\/alhaurinelgrande.es\/cultura\/wp-json\/wp\/v2\/media?parent=1349"}],"curies":[{"name":"wp","href":"https:\/\/api.w.org\/{rel}","templated":true}]}}