{"id":1339,"date":"2017-11-22T11:35:04","date_gmt":"2017-11-22T10:35:04","guid":{"rendered":"http:\/\/cultura.pepemontoro.es\/?page_id=1339"},"modified":"2018-01-08T10:36:37","modified_gmt":"2018-01-08T09:36:37","slug":"mari-pepa-estrada-y-segalerva","status":"publish","type":"page","link":"https:\/\/alhaurinelgrande.es\/cultura\/biblioteca-general\/mari-pepa-estrada-y-segalerva\/","title":{"rendered":"Mari Pepa Estrada y Segalerva"},"content":{"rendered":"<p>[et_pb_section fb_built=&#8221;1&#8243; admin_label=&#8221;Contact Form&#8221; custom_padding_last_edited=&#8221;on|tablet&#8221; _builder_version=&#8221;3.0.89&#8243; use_background_color_gradient=&#8221;on&#8221; background_color_gradient_start=&#8221;rgba(43,135,218,0)&#8221; background_color_gradient_end=&#8221;rgba(43,135,218,0.03)&#8221; custom_padding=&#8221;110px||20px|&#8221; custom_padding_tablet=&#8221;60px|||&#8221;][et_pb_row use_custom_width=&#8221;on&#8221; custom_width_px=&#8221;1187px&#8221; use_custom_gutter=&#8221;on&#8221; gutter_width=&#8221;1&#8243; make_equal=&#8221;on&#8221; _builder_version=&#8221;3.0.89&#8243; background_size=&#8221;initial&#8221; background_position=&#8221;top_left&#8221; background_repeat=&#8221;repeat&#8221;][et_pb_column type=&#8221;1_2&#8243; _builder_version=&#8221;3.0.47&#8243; parallax=&#8221;off&#8221; parallax_method=&#8221;on&#8221;][et_pb_text admin_label=&#8221;Contact Title&#8221; _builder_version=&#8221;3.0.89&#8243; text_font=&#8221;||||&#8221; text_text_color=&#8221;#1a1a1a&#8221; header_font=&#8221;Oswald|on||on|&#8221; header_text_align=&#8221;left&#8221; header_font_size=&#8221;60px&#8221; header_line_height=&#8221;1.3em&#8221; background_size=&#8221;initial&#8221; background_position=&#8221;top_left&#8221; background_repeat=&#8221;repeat&#8221; max_width=&#8221;450px&#8221; custom_margin=&#8221;|||&#8221; custom_padding=&#8221;|||&#8221; animation_style=&#8221;slide&#8221; animation_direction=&#8221;top&#8221; animation_intensity_slide=&#8221;10%&#8221; locked=&#8221;off&#8221;]<\/p>\n<header class=\"entry-header\">\n<h1 class=\"entry-title\">MARI-PEPA ESTRADA Y\u00a0SEGALERVA<\/h1>\n<\/header>\n<p>[\/et_pb_text][et_pb_divider color=&#8221;#0c71c3&#8243; show_divider=&#8221;on&#8221; divider_position=&#8221;center&#8221; height=&#8221;false&#8221; disabled_on=&#8221;off|off|off%22&#8243; admin_label=&#8221;Divider&#8221; _builder_version=&#8221;3.0.89&#8243; max_width=&#8221;150px&#8221; custom_margin=&#8221;30px|||&#8221; animation_style=&#8221;slide&#8221; animation_direction=&#8221;top&#8221; animation_delay=&#8221;100ms&#8221; animation_intensity_slide=&#8221;10%&#8221; locked=&#8221;off&#8221;][\/et_pb_divider][et_pb_text admin_label=&#8221;Contact Subtitle&#8221; _builder_version=&#8221;3.0.89&#8243; text_font=&#8221;Roboto||||&#8221; text_font_size=&#8221;24px&#8221; text_text_color=&#8221;#1a1a1a&#8221; text_line_height=&#8221;1.4em&#8221; background_size=&#8221;initial&#8221; background_position=&#8221;top_left&#8221; background_repeat=&#8221;repeat&#8221; max_width=&#8221;450px&#8221; custom_padding=&#8221;30px|||&#8221; animation_style=&#8221;slide&#8221; animation_direction=&#8221;top&#8221; animation_delay=&#8221;200ms&#8221; animation_intensity_slide=&#8221;10%&#8221; locked=&#8221;off&#8221;]<\/p>\n<p align=\"justify\"><span>Nace en M\u00e1laga el 29 de agosto de 1905 y fallece en la misma ciudad el 2 de agosto de 1997.<\/span><\/p>\n<p>[\/et_pb_text][et_pb_text admin_label=&#8221;Contact Text&#8221; _builder_version=&#8221;3.0.89&#8243; text_font=&#8221;Roboto||||&#8221; text_font_size=&#8221;16px&#8221; text_line_height=&#8221;1.9em&#8221; background_size=&#8221;initial&#8221; background_position=&#8221;top_left&#8221; background_repeat=&#8221;repeat&#8221; max_width=&#8221;450px&#8221; custom_margin=&#8221;60|||&#8221; custom_padding=&#8221;||60px|&#8221; animation_style=&#8221;slide&#8221; animation_direction=&#8221;top&#8221; animation_delay=&#8221;400ms&#8221; animation_intensity_slide=&#8221;4%&#8221; locked=&#8221;off&#8221;]<\/p>\n<p><span>Hija de Jos\u00e9 Estrada Estrada ( 1877 \u2013 1936 ), abogado y ministro de Justicia en el gobierno de D\u00e1maso Berenguer y Fust\u00e9 \u00a0( 1930 ).\u00a0<\/span><\/p>\n<p>[\/et_pb_text][\/et_pb_column][et_pb_column type=&#8221;1_2&#8243; _builder_version=&#8221;3.0.47&#8243; parallax=&#8221;off&#8221; parallax_method=&#8221;on&#8221;][et_pb_image src=&#8221;http:\/\/cultura.pepemontoro.es\/wp-content\/uploads\/2018\/01\/maripepaestrada.jpg&#8221; _builder_version=&#8221;3.0.93&#8243; animation_style=&#8221;zoom&#8221; animation_direction=&#8221;bottom&#8221; box_shadow_style=&#8221;preset1&#8243; box_shadow_horizontal=&#8221;2px&#8221; box_shadow_blur=&#8221;22px&#8221; align=&#8221;center&#8221;][\/et_pb_image][\/et_pb_column][\/et_pb_row][\/et_pb_section][et_pb_section fb_built=&#8221;1&#8243; admin_label=&#8221;Contact Info&#8221; _builder_version=&#8221;3.0.89&#8243; use_background_color_gradient=&#8221;on&#8221; background_color_gradient_start=&#8221;rgba(43,135,218,0.03)&#8221; background_color_gradient_end=&#8221;rgba(43,135,218,0.19)&#8221; custom_padding=&#8221;20px||110px|&#8221; locked=&#8221;off&#8221;][et_pb_row _builder_version=&#8221;3.0.69&#8243; background_size=&#8221;initial&#8221; background_position=&#8221;top_left&#8221; background_repeat=&#8221;repeat&#8221;][et_pb_column type=&#8221;1_2&#8243; _builder_version=&#8221;3.0.47&#8243; parallax=&#8221;off&#8221; parallax_method=&#8221;on&#8221;][et_pb_text admin_label=&#8221;Title&#8221; _builder_version=&#8221;3.0.89&#8243; text_font=&#8221;||||&#8221; text_text_color=&#8221;#1a1a1a&#8221; header_font=&#8221;Oswald|on||on|&#8221; header_text_align=&#8221;left&#8221; header_font_size=&#8221;60px&#8221; header_line_height=&#8221;1.3em&#8221; background_size=&#8221;initial&#8221; background_position=&#8221;top_left&#8221; background_repeat=&#8221;repeat&#8221; max_width=&#8221;450px&#8221; custom_margin=&#8221;|||&#8221; custom_padding=&#8221;|||&#8221; animation_style=&#8221;slide&#8221; animation_direction=&#8221;top&#8221; animation_intensity_slide=&#8221;10%&#8221; locked=&#8221;off&#8221;]<\/p>\n<h1>pintora naif<span>\u00a0impecable y original<\/span><\/h1>\n<p>[\/et_pb_text][et_pb_divider color=&#8221;#0c71c3&#8243; show_divider=&#8221;on&#8221; divider_position=&#8221;center&#8221; height=&#8221;false&#8221; disabled_on=&#8221;off|off|off%22&#8243; _builder_version=&#8221;3.0.89&#8243; max_width=&#8221;150px&#8221; custom_margin=&#8221;30px|||&#8221; animation_style=&#8221;slide&#8221; animation_direction=&#8221;top&#8221; animation_delay=&#8221;100ms&#8221; animation_intensity_slide=&#8221;10%&#8221; locked=&#8221;off&#8221;][\/et_pb_divider][et_pb_text admin_label=&#8221;Sub Title&#8221; _builder_version=&#8221;3.0.89&#8243; text_font=&#8221;Roboto||||&#8221; text_font_size=&#8221;24px&#8221; text_text_color=&#8221;#1a1a1a&#8221; text_line_height=&#8221;1.4em&#8221; background_size=&#8221;initial&#8221; background_position=&#8221;top_left&#8221; background_repeat=&#8221;repeat&#8221; max_width=&#8221;450px&#8221; custom_padding=&#8221;30px|||&#8221; animation_style=&#8221;slide&#8221; animation_direction=&#8221;top&#8221; animation_delay=&#8221;200ms&#8221; animation_intensity_slide=&#8221;10%&#8221; locked=&#8221;off&#8221;]<\/p>\n<p><em>\u201cHay que ser mayor para volver a lo ingenuo, porque es necesario haber sufrido y amado much\u00edsimo para retornar a la nostalgia, a la poes\u00eda y a la a\u00f1oranza\u201d<\/em><\/p>\n<p>[\/et_pb_text][\/et_pb_column][et_pb_column type=&#8221;1_2&#8243; _builder_version=&#8221;3.0.47&#8243; parallax=&#8221;off&#8221; parallax_method=&#8221;on&#8221;][et_pb_text _builder_version=&#8221;3.0.89&#8243; text_font=&#8221;Roboto||||&#8221; text_font_size=&#8221;16px&#8221; text_line_height=&#8221;1.9em&#8221; background_size=&#8221;initial&#8221; background_position=&#8221;top_left&#8221; background_repeat=&#8221;repeat&#8221; max_width=&#8221;450px&#8221; custom_margin=&#8221;|||&#8221; custom_padding=&#8221;|||&#8221; animation_style=&#8221;slide&#8221; animation_direction=&#8221;top&#8221; animation_delay=&#8221;400ms&#8221; animation_intensity_slide=&#8221;4%&#8221; locked=&#8221;off&#8221;]<\/p>\n<p style=\"text-align: justify;\">En la ni\u00f1ez le ense\u00f1\u00f3 a moverse en la paleta de colores su t\u00edo Eduardo Estrada, ilustrador de la revista \u201cBlanco y Negro\u201d. Fue esposa del doctor Manuel P\u00e9rez Bryan, prestigioso m\u00e9dico internista y ex alcalde de M\u00e1laga.<\/p>\n<p style=\"text-align: justify;\">En su madurez recuper\u00f3 los pinceles y se convirti\u00f3 en una<span>\u00a0<\/span><em>pintora naif<\/em><span>\u00a0<\/span>impecable y original, sucedi\u00e9ndose las exposiciones de \u00e9xito desde la primera en Lisboa hasta la \u00faltima en el Parlamento Europeo.<\/p>\n<p class=\"Texto_General\" align=\"justify\">La pintora tambi\u00e9n se dedic\u00f3 con m\u00e1s de 80 a\u00f1os a la escritura. Sus Memorias tuvieron un enorme \u00e9xito y fueron reeditadas en varias ocasiones. Public\u00f3 tambi\u00e9n un libro de recetas de cocina, \u201c<em>Comer y Callar<\/em>\u201c, salpicados con sabrosas an\u00e9cdotas.<\/p>\n<p class=\"Texto_General\" align=\"justify\">Su vinculaci\u00f3n con Alhaur\u00edn el Grande nace de sus estancias en la<span>\u00a0<\/span><em>Huerta Estrada<\/em>, la casa que la familia pose\u00eda en la<span>\u00a0<\/span><em>Cuesta del Se\u00f1orito<\/em>. En reconocimiento de sus m\u00e9ritos y sus relaciones con Alhaur\u00edn el Grande, el Ayuntamiento asign\u00f3 su nombre a la biblioteca p\u00fablica que se inaugur\u00f3 en Villafranco del Guadalhorce en el a\u00f1o 1997.<\/p>\n<p>[\/et_pb_text][\/et_pb_column][\/et_pb_row][\/et_pb_section][et_pb_section fb_built=&#8221;1&#8243; admin_label=&#8221;Newsletter&#8221; _builder_version=&#8221;3.0.89&#8243; use_background_color_gradient=&#8221;on&#8221; background_color_gradient_start=&#8221;rgba(43,135,218,0.19)&#8221; background_color_gradient_end=&#8221;#0c71c3&#8243; background_blend=&#8221;color&#8221; custom_padding=&#8221;120px||120px|&#8221;][et_pb_row custom_margin=&#8221;|||&#8221; _builder_version=&#8221;3.0.89&#8243;][et_pb_column type=&#8221;4_4&#8243; _builder_version=&#8221;3.0.47&#8243; parallax=&#8221;off&#8221; parallax_method=&#8221;on&#8221;][et_pb_text background_layout=&#8221;dark&#8221; admin_label=&#8221;CTA Section Subtitle&#8221; _builder_version=&#8221;3.0.89&#8243; text_font=&#8221;Roboto|on||on|&#8221; text_font_size=&#8221;24px&#8221; text_text_color=&#8221;#0c71c3&#8243; text_letter_spacing=&#8221;4px&#8221; module_alignment=&#8221;center&#8221; animation_style=&#8221;zoom&#8221; animation_intensity_zoom=&#8221;20%&#8221;] Bolet\u00edn [\/et_pb_text][et_pb_divider color=&#8221;#0c71c3&#8243; show_divider=&#8221;on&#8221; divider_position=&#8221;center&#8221; height=&#8221;false&#8221; disabled_on=&#8221;on|on|off%22&#8243; _builder_version=&#8221;3.0.89&#8243; max_width=&#8221;150px&#8221; module_alignment=&#8221;left&#8221; animation_style=&#8221;zoom&#8221; animation_delay=&#8221;200ms&#8221; animation_intensity_zoom=&#8221;20%&#8221; locked=&#8221;off&#8221;][\/et_pb_divider][et_pb_signup activecampaign_list=&#8221;|none&#8221; aweber_list=&#8221;|none&#8221; campaign_monitor_list=&#8221;|none&#8221; constant_contact_list=&#8221;|none&#8221; convertkit_list=&#8221;|none&#8221; emma_list=&#8221;|none&#8221; feedblitz_list=&#8221;|none&#8221; getresponse_list=&#8221;|none&#8221; hubspot_list=&#8221;|none&#8221; icontact_list=&#8221;|none&#8221; infusionsoft_list=&#8221;|none&#8221; madmimi_list=&#8221;|none&#8221; mailchimp_list=&#8221;|null&#8221; mailerlite_list=&#8221;|none&#8221; mailpoet_list=&#8221;|none&#8221; mailster_list=&#8221;|none&#8221; ontraport_list=&#8221;|none&#8221; salesforce_list=&#8221;|none&#8221; sendinblue_list=&#8221;|none&#8221; name_field=&#8221;on&#8221; first_name_field=&#8221;off&#8221; last_name_field=&#8221;off&#8221; success_message=&#8221;\u00a1Has completado tu suscripci\u00f3n con \u00e9xito!&#8221; title=&#8221;Estar al d\u00eda&#8221; button_text=&#8221;Si, quiero recibir el bolet\u00edn&#8221; use_background_color=&#8221;off&#8221; form_field_background_color=&#8221;rgba(0,106,193,0.06)&#8221; box_shadow_style_fields=&#8221;preset1&#8243; box_shadow_horizontal_fields=&#8221;1px&#8221; box_shadow_vertical_fields=&#8221;1px&#8221; _builder_version=&#8221;3.0.89&#8243; header_font=&#8221;Francois One|700||on|||||&#8221; header_font_size=&#8221;60px&#8221; header_font_size_phone=&#8221;40px&#8221; header_font_size_last_edited=&#8221;on|phone&#8221; header_text_color=&#8221;#0c71c3&#8243; header_text_shadow_style=&#8221;preset1&#8243; header_text_shadow_horizontal_length=&#8221;0.01em&#8221; header_text_shadow_color=&#8221;rgba(255,255,255,0.4)&#8221; body_font=&#8221;Montserrat||||||||&#8221; body_font_size=&#8221;20px&#8221; body_text_color=&#8221;#f4f4f4&#8243; body_line_height=&#8221;1.8em&#8221; result_message_font_size_tablet=&#8221;51&#8243; result_message_text_color=&#8221;#ffffff&#8221; result_message_line_height_tablet=&#8221;2&#8243; border_style_all_fields_focus=&#8221;off&#8221; custom_button=&#8221;on&#8221; button_text_color=&#8221;#f4f4f4&#8243; button_bg_color=&#8221;rgba(237,68,65,0)&#8221; button_border_color=&#8221;#f4f4f4&#8243; button_border_radius=&#8221;0px&#8221; button_letter_spacing=&#8221;1px&#8221; button_font=&#8221;Montserrat|500||on|||||&#8221; button_use_icon=&#8221;off&#8221; button_bg_color_hover=&#8221;rgba(0,0,0,0)&#8221; button_border_color_hover=&#8221;#f4f4f4&#8243; button_border_radius_hover=&#8221;0px&#8221; button_letter_spacing_hover=&#8221;4px&#8221; box_shadow_style_button=&#8221;preset1&#8243; box_shadow_horizontal_button=&#8221;2px&#8221; box_shadow_blur_button=&#8221;20px&#8221; box_shadow_color_button=&#8221;rgba(12,113,195,0.26)&#8221; animation_style=&#8221;fold&#8221; animation_direction=&#8221;top&#8221; animation_delay=&#8221;200ms&#8221; locked=&#8221;off&#8221; use_focus_border_color=&#8221;off&#8221;] Mantenerte al d\u00eda de lo que ocurre en el \u00e1mbito de la cultura y fiestas de tu pueblo es as\u00ed de f\u00e1cil. <strong>Suscr\u00edbete y recibe en tu buz\u00f3n de correo electr\u00f3nico<\/strong> todas nuestras noticias relativas a la cultura: exposiciones, charlas, conferencias&#8230;; as\u00ed como fiestas y otras actividades. <strong>Suscr\u00edbete y participa<\/strong>. [\/et_pb_signup][\/et_pb_column][\/et_pb_row][\/et_pb_section]<\/p>\n","protected":false},"excerpt":{"rendered":"<p>MARI-PEPA ESTRADA Y\u00a0SEGALERVA Nace en M\u00e1laga el 29 de agosto de 1905 y fallece en la misma ciudad el 2 de agosto de 1997.Hija de Jos\u00e9 Estrada Estrada ( 1877 \u2013 1936 ), abogado y ministro de Justicia en el gobierno de D\u00e1maso Berenguer y Fust\u00e9 \u00a0( 1930 ).\u00a0pintora naif\u00a0impecable y original\u201cHay que ser mayor [&hellip;]<\/p>\n","protected":false},"author":1,"featured_media":0,"parent":1335,"menu_order":0,"comment_status":"closed","ping_status":"closed","template":"","meta":{"_et_pb_use_builder":"on","_et_pb_old_content":"","_et_gb_content_width":"","footnotes":""},"_links":{"self":[{"href":"https:\/\/alhaurinelgrande.es\/cultura\/wp-json\/wp\/v2\/pages\/1339"}],"collection":[{"href":"https:\/\/alhaurinelgrande.es\/cultura\/wp-json\/wp\/v2\/pages"}],"about":[{"href":"https:\/\/alhaurinelgrande.es\/cultura\/wp-json\/wp\/v2\/types\/page"}],"author":[{"embeddable":true,"href":"https:\/\/alhaurinelgrande.es\/cultura\/wp-json\/wp\/v2\/users\/1"}],"replies":[{"embeddable":true,"href":"https:\/\/alhaurinelgrande.es\/cultura\/wp-json\/wp\/v2\/comments?post=1339"}],"version-history":[{"count":3,"href":"https:\/\/alhaurinelgrande.es\/cultura\/wp-json\/wp\/v2\/pages\/1339\/revisions"}],"predecessor-version":[{"id":204733,"href":"https:\/\/alhaurinelgrande.es\/cultura\/wp-json\/wp\/v2\/pages\/1339\/revisions\/204733"}],"up":[{"embeddable":true,"href":"https:\/\/alhaurinelgrande.es\/cultura\/wp-json\/wp\/v2\/pages\/1335"}],"wp:attachment":[{"href":"https:\/\/alhaurinelgrande.es\/cultura\/wp-json\/wp\/v2\/media?parent=1339"}],"curies":[{"name":"wp","href":"https:\/\/api.w.org\/{rel}","templated":true}]}}