{"id":1337,"date":"2017-11-22T11:34:18","date_gmt":"2017-11-22T10:34:18","guid":{"rendered":"http:\/\/cultura.pepemontoro.es\/?page_id=1337"},"modified":"2019-07-03T11:30:49","modified_gmt":"2019-07-03T09:30:49","slug":"ildefonso-marzo-y-sanchez","status":"publish","type":"page","link":"https:\/\/alhaurinelgrande.es\/cultura\/biblioteca-general\/ildefonso-marzo-y-sanchez\/","title":{"rendered":"Ildefonso Marzo y Sanch\u00e9z"},"content":{"rendered":"<p>[et_pb_section fb_built=&#8221;1&#8243; custom_padding_last_edited=&#8221;on|tablet&#8221; admin_label=&#8221;Contact Form&#8221; _builder_version=&#8221;3.22.3&#8243; use_background_color_gradient=&#8221;on&#8221; background_color_gradient_start=&#8221;rgba(43,135,218,0)&#8221; background_color_gradient_end=&#8221;rgba(43,135,218,0.03)&#8221; custom_padding=&#8221;110px||110px|&#8221; custom_padding_tablet=&#8221;60px|||&#8221;][et_pb_row use_custom_gutter=&#8221;on&#8221; gutter_width=&#8221;1&#8243; custom_padding=&#8221;27px|0px|27px|0px&#8221; make_equal=&#8221;on&#8221; _builder_version=&#8221;3.25&#8243; background_size=&#8221;initial&#8221; background_position=&#8221;top_left&#8221; background_repeat=&#8221;repeat&#8221; max_width=&#8221;1187px&#8221; use_custom_width=&#8221;on&#8221; custom_width_px=&#8221;1187px&#8221; column_structure=&#8221;1_2,1_2&#8243;][et_pb_column type=&#8221;1_2&#8243; _builder_version=&#8221;3.25&#8243; custom_padding=&#8221;|||&#8221; custom_padding__hover=&#8221;|||&#8221;][et_pb_text admin_label=&#8221;Contact Title&#8221; _builder_version=&#8221;3.0.89&#8243; text_font=&#8221;||||&#8221; text_text_color=&#8221;#1a1a1a&#8221; header_font=&#8221;Oswald|on||on|&#8221; header_text_align=&#8221;left&#8221; header_font_size=&#8221;60px&#8221; header_line_height=&#8221;1.3em&#8221; background_size=&#8221;initial&#8221; background_position=&#8221;top_left&#8221; background_repeat=&#8221;repeat&#8221; max_width=&#8221;450px&#8221; custom_margin=&#8221;|||&#8221; custom_padding=&#8221;|||&#8221; animation_style=&#8221;slide&#8221; animation_direction=&#8221;top&#8221; animation_intensity_slide=&#8221;10%&#8221; locked=&#8221;off&#8221;]<\/p>\n<h1 class=\"entry-title\">ILDEFONSO MARZO Y\u00a0S\u00c1NCHEZ<\/h1>\n<p>[\/et_pb_text][et_pb_divider divider_position=&#8221;center&#8221; disabled_on=&#8221;off|off|off%22&#8243; admin_label=&#8221;Divider&#8221; _builder_version=&#8221;3.0.89&#8243; max_width=&#8221;150px&#8221; height=&#8221;false&#8221; custom_margin=&#8221;30px|||&#8221; animation_style=&#8221;slide&#8221; animation_direction=&#8221;top&#8221; animation_delay=&#8221;100ms&#8221; animation_intensity_slide=&#8221;10%&#8221; locked=&#8221;off&#8221;][\/et_pb_divider][et_pb_text admin_label=&#8221;Contact Subtitle&#8221; _builder_version=&#8221;3.0.89&#8243; text_font=&#8221;Roboto||||&#8221; text_text_color=&#8221;#1a1a1a&#8221; text_font_size=&#8221;24px&#8221; text_line_height=&#8221;1.4em&#8221; background_size=&#8221;initial&#8221; background_position=&#8221;top_left&#8221; background_repeat=&#8221;repeat&#8221; max_width=&#8221;450px&#8221; custom_padding=&#8221;30px|||&#8221; animation_style=&#8221;slide&#8221; animation_direction=&#8221;top&#8221; animation_delay=&#8221;200ms&#8221; animation_intensity_slide=&#8221;10%&#8221; locked=&#8221;off&#8221;]<\/p>\n<p align=\"justify\">Historiador y literato espa\u00f1ol ( Alhaur\u00edn el Grande (M\u00e1laga) 1794 \u2013 Alhaur\u00edn el Grande (M\u00e1laga) 14 de julio de 1856).<\/p>\n<p>[\/et_pb_text][\/et_pb_column][et_pb_column type=&#8221;1_2&#8243; _builder_version=&#8221;3.25&#8243; custom_padding=&#8221;|||&#8221; custom_padding__hover=&#8221;|||&#8221;][\/et_pb_column][\/et_pb_row][\/et_pb_section][et_pb_section fb_built=&#8221;1&#8243; admin_label=&#8221;Contact Info&#8221; _builder_version=&#8221;3.22.3&#8243; use_background_color_gradient=&#8221;on&#8221; background_color_gradient_start=&#8221;rgba(43,135,218,0.03)&#8221; background_color_gradient_end=&#8221;rgba(43,135,218,0.19)&#8221; custom_padding=&#8221;110px||110px|&#8221; locked=&#8221;off&#8221;][et_pb_row custom_padding=&#8221;27px|0px|50px|0px&#8221; make_equal=&#8221;on&#8221; _builder_version=&#8221;3.25&#8243; background_size=&#8221;initial&#8221; background_position=&#8221;top_left&#8221; background_repeat=&#8221;repeat&#8221; column_structure=&#8221;1_2,1_2&#8243;][et_pb_column type=&#8221;1_2&#8243; _builder_version=&#8221;3.25&#8243; custom_padding=&#8221;|||&#8221; custom_padding__hover=&#8221;|||&#8221;][et_pb_text admin_label=&#8221;Title&#8221; _builder_version=&#8221;3.0.89&#8243; text_font=&#8221;||||&#8221; text_text_color=&#8221;#1a1a1a&#8221; header_font=&#8221;Oswald|on||on|&#8221; header_text_align=&#8221;left&#8221; header_font_size=&#8221;60px&#8221; header_line_height=&#8221;1.3em&#8221; background_size=&#8221;initial&#8221; background_position=&#8221;top_left&#8221; background_repeat=&#8221;repeat&#8221; max_width=&#8221;450px&#8221; custom_margin=&#8221;|||&#8221; custom_padding=&#8221;|||&#8221; animation_style=&#8221;slide&#8221; animation_direction=&#8221;top&#8221; animation_intensity_slide=&#8221;10%&#8221; locked=&#8221;off&#8221;]<\/p>\n<h1>comienzos y retorno<\/h1>\n<p>[\/et_pb_text][et_pb_divider divider_position=&#8221;center&#8221; disabled_on=&#8221;off|off|off%22&#8243; _builder_version=&#8221;3.0.89&#8243; max_width=&#8221;150px&#8221; height=&#8221;false&#8221; custom_margin=&#8221;30px|||&#8221; animation_style=&#8221;slide&#8221; animation_direction=&#8221;top&#8221; animation_delay=&#8221;100ms&#8221; animation_intensity_slide=&#8221;10%&#8221; locked=&#8221;off&#8221;][\/et_pb_divider][et_pb_text admin_label=&#8221;Sub Title&#8221; _builder_version=&#8221;3.0.89&#8243; text_font=&#8221;Roboto||||&#8221; text_text_color=&#8221;#1a1a1a&#8221; text_font_size=&#8221;24px&#8221; text_line_height=&#8221;1.4em&#8221; background_size=&#8221;initial&#8221; background_position=&#8221;top_left&#8221; background_repeat=&#8221;repeat&#8221; max_width=&#8221;450px&#8221; custom_padding=&#8221;30px|||&#8221; animation_style=&#8221;slide&#8221; animation_direction=&#8221;top&#8221; animation_delay=&#8221;200ms&#8221; animation_intensity_slide=&#8221;10%&#8221; locked=&#8221;off&#8221;]<\/p>\n<p style=\"text-align: justify;\">Sus principales trabajos, aparecer\u00e1n en la revista literaria\u00a0<em>\u201cEl Guadalhorce\u201d<\/em><\/p>\n<p>[\/et_pb_text][\/et_pb_column][et_pb_column type=&#8221;1_2&#8243; _builder_version=&#8221;3.25&#8243; custom_padding=&#8221;|||&#8221; custom_padding__hover=&#8221;|||&#8221;][et_pb_text admin_label=&#8221;Contact Text&#8221; _builder_version=&#8221;3.0.93&#8243; text_font=&#8221;Roboto||||&#8221; text_line_height=&#8221;1.9em&#8221; background_size=&#8221;initial&#8221; background_position=&#8221;top_left&#8221; background_repeat=&#8221;repeat&#8221; max_width=&#8221;450px&#8221; custom_margin=&#8221;|||&#8221; custom_padding=&#8221;||0px|&#8221; animation_style=&#8221;slide&#8221; animation_direction=&#8221;top&#8221; animation_delay=&#8221;400ms&#8221; animation_intensity_slide=&#8221;4%&#8221; locked=&#8221;off&#8221;]<\/p>\n<p style=\"text-align: justify;\">Figura olvidada del panorama intelectual andaluz de la primera mitad del siglo XIX, fue a lo largo de su vida autor de una sustancial y controvertida obra a caballo entre la historia y la literatura, de la que destaca especialmente su \u201c<em>Historia de M\u00e1laga y su provincia\u201d<\/em>, primera obra que puede llevar, con propiedad, dicho t\u00edtulo, tras la provincilizaci\u00f3n realizada por Francisco Javier de Burgos<\/p>\n<p>[\/et_pb_text][et_pb_text _builder_version=&#8221;3.0.89&#8243; text_font=&#8221;Roboto||||&#8221; text_line_height=&#8221;1.9em&#8221; background_size=&#8221;initial&#8221; background_position=&#8221;top_left&#8221; background_repeat=&#8221;repeat&#8221; max_width=&#8221;450px&#8221; custom_margin=&#8221;|||&#8221; custom_padding=&#8221;|||&#8221; animation_style=&#8221;slide&#8221; animation_direction=&#8221;top&#8221; animation_delay=&#8221;400ms&#8221; animation_intensity_slide=&#8221;4%&#8221; locked=&#8221;off&#8221;]<\/p>\n<p style=\"text-align: justify;\">Tras una convulsa carrera militar iniciada en la Guardia de Corps se ve involucrado en las luchas y vaivenes pol\u00edticos que enfrentan a Liberales y Absolutistas, apoyando firme y decididamente a los segundos. Concluida en la d\u00e9cada de 1830,\u00a0<strong>Idelfonso Marzo<\/strong>\u00a0retornar\u00eda a Alhaur\u00edn el Grande para hacerse cargo de la escriban\u00eda de su localidad natal, en la que sucede a su padre, \u00a0<em><strong>Alfonso Marzo y Torres<\/strong><\/em>.<\/p>\n<p style=\"text-align: justify;\">Desde esta villa del Valle del Guadalhorce participar\u00eda de lleno en la vida literaria de la provincia de M\u00e1laga, siendo un destacado seguidor de corrientes como el\u00a0<em>Romanticismo<\/em>\u00a0y el\u00a0<em>Costumbrismo<\/em>. Sus principales trabajos, aparecer\u00e1n en la revista literaria\u00a0<em>\u201cEl Guadalhorce\u201d<\/em>, si bien public\u00f3 tambi\u00e9n en cabeceras como la revista pintoresca del \u201c<em>Avisador Malague\u00f1o<\/em>\u201c, y los peri\u00f3dicos moderados Diario Espa\u00f1ol y La Espa\u00f1a, ambos editados en Madrid.<\/p>\n<p>[\/et_pb_text][\/et_pb_column][\/et_pb_row][et_pb_row custom_padding=&#8221;50px|0px|27px|0px&#8221; _builder_version=&#8221;3.25&#8243; background_size=&#8221;initial&#8221; background_position=&#8221;top_left&#8221; background_repeat=&#8221;repeat&#8221; column_structure=&#8221;1_3,2_3&#8243;][et_pb_column type=&#8221;1_3&#8243; _builder_version=&#8221;3.25&#8243; custom_padding=&#8221;|||&#8221; custom_padding__hover=&#8221;|||&#8221;][et_pb_text admin_label=&#8221;Title&#8221; _builder_version=&#8221;3.0.93&#8243; text_font=&#8221;||||&#8221; text_text_color=&#8221;#1a1a1a&#8221; header_font=&#8221;Oswald|on||on|&#8221; header_text_align=&#8221;left&#8221; header_font_size=&#8221;60px&#8221; header_line_height=&#8221;1.3em&#8221; background_size=&#8221;initial&#8221; background_position=&#8221;top_left&#8221; background_repeat=&#8221;repeat&#8221; max_width=&#8221;450px&#8221; custom_margin=&#8221;|||&#8221; custom_padding=&#8221;|||&#8221; animation_style=&#8221;slide&#8221; animation_direction=&#8221;top&#8221; animation_intensity_slide=&#8221;10%&#8221; locked=&#8221;off&#8221;]<\/p>\n<h1>Ruta ILdelfonso Marzo<\/h1>\n<p>[\/et_pb_text][et_pb_divider divider_position=&#8221;center&#8221; disabled_on=&#8221;off|off|off%22&#8243; _builder_version=&#8221;3.0.89&#8243; max_width=&#8221;150px&#8221; height=&#8221;false&#8221; custom_margin=&#8221;30px|||&#8221; animation_style=&#8221;slide&#8221; animation_direction=&#8221;top&#8221; animation_delay=&#8221;100ms&#8221; animation_intensity_slide=&#8221;10%&#8221; locked=&#8221;off&#8221;][\/et_pb_divider][et_pb_text _builder_version=&#8221;3.0.93&#8243;]Nombrado presidente de la Comisi\u00f3n Provincial de Monumentos Art\u00edsticos, compagina este cargo con las\u00a0<em>Corresponsal\u00edas de la Biblioteca Nacional y la Real Academia de la Historia<\/em>. \u00a0El hecho de ostentar estos puestos, se mantendr\u00eda en contacto con las m\u00e1s altas instituciones culturales y pol\u00edticas del reci\u00e9n implantado Estado Liberal, que ser\u00edan informadas por Marzo en primera instancia de cuantos acontecimientos pudieran resultarles de utilidad, lo que provocar\u00eda que su nombre quedara unido a iniciativas de tanta trascendencia y calado como la fundaci\u00f3n del\u00a0<em><strong>Liceo Malague\u00f1o<\/strong><\/em>\u00a0o el descubrimiento, en la zona de El Ejido de la capital malague\u00f1a de la important\u00edsima \u00a0<em><strong>Lex Flavia Malacitana<\/strong><\/em>.<br \/>\n[\/et_pb_text][\/et_pb_column][et_pb_column type=&#8221;2_3&#8243; _builder_version=&#8221;3.25&#8243; custom_padding=&#8221;|||&#8221; custom_padding__hover=&#8221;|||&#8221;][et_pb_text _builder_version=&#8221;3.0.93&#8243;]<iframe loading=\"lazy\" src=\"https:\/\/www.youtube.com\/embed\/HsHH_70ygx4?rel=0&#038;controls=0&#038;showinfo=0\" width=\"560\" height=\"315\" frameborder=\"0\" allowfullscreen=\"allowfullscreen\"><\/iframe><br \/>\n[\/et_pb_text][\/et_pb_column][\/et_pb_row][\/et_pb_section][et_pb_section fb_built=&#8221;1&#8243; admin_label=&#8221;Newsletter&#8221; _builder_version=&#8221;3.22.3&#8243; use_background_color_gradient=&#8221;on&#8221; background_color_gradient_start=&#8221;rgba(43,135,218,0.19)&#8221; background_color_gradient_end=&#8221;#0c71c3&#8243; background_blend=&#8221;color&#8221; custom_padding=&#8221;120px||120px|&#8221;][et_pb_row custom_margin=&#8221;|||&#8221; _builder_version=&#8221;3.25&#8243;][et_pb_column type=&#8221;4_4&#8243; _builder_version=&#8221;3.25&#8243; custom_padding=&#8221;|||&#8221; custom_padding__hover=&#8221;|||&#8221;][et_pb_text admin_label=&#8221;CTA Section Subtitle&#8221; _builder_version=&#8221;3.0.89&#8243; text_font=&#8221;Roboto|on||on|&#8221; text_text_color=&#8221;#0c71c3&#8243; text_font_size=&#8221;24px&#8221; text_letter_spacing=&#8221;4px&#8221; background_layout=&#8221;dark&#8221; module_alignment=&#8221;center&#8221; animation_style=&#8221;zoom&#8221; animation_intensity_zoom=&#8221;20%&#8221;]Bolet\u00edn<br \/>\n[\/et_pb_text][et_pb_divider divider_position=&#8221;center&#8221; disabled_on=&#8221;on|on|off%22&#8243; _builder_version=&#8221;3.0.89&#8243; max_width=&#8221;150px&#8221; module_alignment=&#8221;left&#8221; height=&#8221;false&#8221; animation_style=&#8221;zoom&#8221; animation_delay=&#8221;200ms&#8221; animation_intensity_zoom=&#8221;20%&#8221; locked=&#8221;off&#8221;][\/et_pb_divider][et_pb_signup mailchimp_list=&#8221;|null&#8221; name_field=&#8221;on&#8221; success_message=&#8221;\u00a1Has completado tu suscripci\u00f3n con \u00e9xito!&#8221; title=&#8221;Estar al d\u00eda&#8221; button_text=&#8221;Si, quiero recibir el bolet\u00edn&#8221; description=&#8221;Mantenerte al d\u00eda de lo que ocurre en el \u00e1mbito de la cultura y fiestas de tu pueblo es as\u00ed de f\u00e1cil. <strong>Suscr\u00edbete y recibe en tu buz\u00f3n de correo electr\u00f3nico<\/strong> todas nuestras noticias relativas a la cultura: exposiciones, charlas, conferencias&#8230;; as\u00ed como fiestas y otras actividades. <strong>Suscr\u00edbete y participa<\/strong>.<br \/>\n&#8221; _builder_version=&#8221;3.23&#8243; form_field_background_color=&#8221;rgba(0,106,193,0.06)&#8221; header_font=&#8221;Francois One|700||on|||||&#8221; header_text_color=&#8221;#0c71c3&#8243; header_font_size=&#8221;60px&#8221; header_text_shadow_style=&#8221;preset1&#8243; header_text_shadow_horizontal_length=&#8221;0.01em&#8221; header_text_shadow_color=&#8221;rgba(255,255,255,0.4)&#8221; body_font=&#8221;Montserrat||||||||&#8221; body_text_color=&#8221;#f4f4f4&#8243; body_font_size=&#8221;20px&#8221; body_line_height=&#8221;1.8em&#8221; result_message_text_color=&#8221;#ffffff&#8221; use_background_color=&#8221;off&#8221; border_style_all_fields_focus=&#8221;off&#8221; custom_button=&#8221;on&#8221; button_text_color=&#8221;#f4f4f4&#8243; button_bg_color=&#8221;rgba(237,68,65,0)&#8221; button_border_color=&#8221;#f4f4f4&#8243; button_border_radius=&#8221;0px&#8221; button_letter_spacing=&#8221;1px&#8221; button_font=&#8221;Montserrat|500||on|||||&#8221; button_use_icon=&#8221;off&#8221; box_shadow_style_fields=&#8221;preset1&#8243; box_shadow_horizontal_fields=&#8221;1px&#8221; box_shadow_vertical_fields=&#8221;1px&#8221; box_shadow_style_button=&#8221;preset1&#8243; box_shadow_horizontal_button=&#8221;2px&#8221; box_shadow_blur_button=&#8221;20px&#8221; box_shadow_color_button=&#8221;rgba(12,113,195,0.26)&#8221; animation_style=&#8221;fold&#8221; animation_direction=&#8221;top&#8221; animation_delay=&#8221;200ms&#8221; header_font_size_phone=&#8221;40px&#8221; header_font_size_last_edited=&#8221;on|phone&#8221; result_message_font_size_tablet=&#8221;51&#8243; result_message_line_height_tablet=&#8221;2&#8243; button_border_color_hover=&#8221;#f4f4f4&#8243; button_border_radius_hover=&#8221;0px&#8221; button_letter_spacing_hover=&#8221;4px&#8221; button_bg_color_hover=&#8221;rgba(0,0,0,0)&#8221; locked=&#8221;off&#8221; button_text_size__hover_enabled=&#8221;off&#8221; button_one_text_size__hover_enabled=&#8221;off&#8221; button_two_text_size__hover_enabled=&#8221;off&#8221; button_text_color__hover_enabled=&#8221;off&#8221; button_one_text_color__hover_enabled=&#8221;off&#8221; button_two_text_color__hover_enabled=&#8221;off&#8221; button_border_width__hover_enabled=&#8221;off&#8221; button_one_border_width__hover_enabled=&#8221;off&#8221; button_two_border_width__hover_enabled=&#8221;off&#8221; button_border_color__hover_enabled=&#8221;on&#8221; button_border_color__hover=&#8221;#f4f4f4&#8243; button_one_border_color__hover_enabled=&#8221;off&#8221; button_two_border_color__hover_enabled=&#8221;off&#8221; button_border_radius__hover_enabled=&#8221;on&#8221; button_border_radius__hover=&#8221;0px&#8221; button_one_border_radius__hover_enabled=&#8221;off&#8221; button_two_border_radius__hover_enabled=&#8221;off&#8221; button_letter_spacing__hover_enabled=&#8221;on&#8221; button_letter_spacing__hover=&#8221;4px&#8221; button_one_letter_spacing__hover_enabled=&#8221;off&#8221; button_two_letter_spacing__hover_enabled=&#8221;off&#8221; button_bg_color__hover_enabled=&#8221;on&#8221; button_bg_color__hover=&#8221;rgba(0,0,0,0)&#8221; button_one_bg_color__hover_enabled=&#8221;off&#8221; button_two_bg_color__hover_enabled=&#8221;off&#8221;]Mantenerte al d\u00eda de lo que ocurre en el \u00e1mbito de la cultura y fiestas de tu pueblo es as\u00ed de f\u00e1cil. <strong>Suscr\u00edbete y recibe en tu buz\u00f3n de correo electr\u00f3nico<\/strong> todas nuestras noticias relativas a la cultura: exposiciones, charlas, conferencias&#8230;; as\u00ed como fiestas y otras actividades. <strong>Suscr\u00edbete y participa<\/strong>.<br \/>\n[\/et_pb_signup][\/et_pb_column][\/et_pb_row][\/et_pb_section]<\/p>\n","protected":false},"excerpt":{"rendered":"<p>ILDEFONSO MARZO Y\u00a0S\u00c1NCHEZ Historiador y literato espa\u00f1ol ( Alhaur\u00edn el Grande (M\u00e1laga) 1794 \u2013 Alhaur\u00edn el Grande (M\u00e1laga) 14 de julio de 1856). comienzos y retorno Sus principales trabajos, aparecer\u00e1n en la revista literaria\u00a0\u201cEl Guadalhorce\u201d Figura olvidada del panorama intelectual andaluz de la primera mitad del siglo XIX, fue a lo largo de su vida [&hellip;]<\/p>\n","protected":false},"author":1,"featured_media":0,"parent":1335,"menu_order":0,"comment_status":"closed","ping_status":"closed","template":"","meta":{"_et_pb_use_builder":"on","_et_pb_old_content":"","_et_gb_content_width":"","footnotes":""},"_links":{"self":[{"href":"https:\/\/alhaurinelgrande.es\/cultura\/wp-json\/wp\/v2\/pages\/1337"}],"collection":[{"href":"https:\/\/alhaurinelgrande.es\/cultura\/wp-json\/wp\/v2\/pages"}],"about":[{"href":"https:\/\/alhaurinelgrande.es\/cultura\/wp-json\/wp\/v2\/types\/page"}],"author":[{"embeddable":true,"href":"https:\/\/alhaurinelgrande.es\/cultura\/wp-json\/wp\/v2\/users\/1"}],"replies":[{"embeddable":true,"href":"https:\/\/alhaurinelgrande.es\/cultura\/wp-json\/wp\/v2\/comments?post=1337"}],"version-history":[{"count":12,"href":"https:\/\/alhaurinelgrande.es\/cultura\/wp-json\/wp\/v2\/pages\/1337\/revisions"}],"predecessor-version":[{"id":213862,"href":"https:\/\/alhaurinelgrande.es\/cultura\/wp-json\/wp\/v2\/pages\/1337\/revisions\/213862"}],"up":[{"embeddable":true,"href":"https:\/\/alhaurinelgrande.es\/cultura\/wp-json\/wp\/v2\/pages\/1335"}],"wp:attachment":[{"href":"https:\/\/alhaurinelgrande.es\/cultura\/wp-json\/wp\/v2\/media?parent=1337"}],"curies":[{"name":"wp","href":"https:\/\/api.w.org\/{rel}","templated":true}]}}